{"id":3396,"date":"2025-12-22T10:20:04","date_gmt":"2025-12-22T10:20:04","guid":{"rendered":"https:\/\/strongenerji.com\/?post_type=product&#038;p=3396"},"modified":"2025-12-22T11:29:42","modified_gmt":"2025-12-22T11:29:42","slug":"route-gear-ep-80w-90-5l","status":"publish","type":"product","link":"https:\/\/strongenerji.com\/en\/product\/route-gear-ep-80w-90-5l\/","title":{"rendered":"ROUTE GEAR EP 80W-90 5L"},"content":{"rendered":"<p data-start=\"0\" data-end=\"228\">ROUTE 80W-90 EP, manuel \u015fanz\u0131manlar ve hipoid diferansiyeller i\u00e7in form\u00fcle edilmi\u015f, y\u00fcksek performansl\u0131 mineral bazl\u0131 bir di\u015fli ya\u011f\u0131d\u0131r. A\u015f\u0131nmaya, korozyona ve oksidasyona kar\u015f\u0131 m\u00fckemmel koruma sa\u011flayarak uzun servis \u00f6mr\u00fc sunar.<\/p>\n<p data-start=\"230\" data-end=\"377\">Performance Level:<br data-start=\"250\" data-end=\"253\" \/>API GL-5 \/ MT-1<br data-start=\"268\" data-end=\"271\" \/>MIL-L-2105D \/ MB 235.0 \/ MAN 342 M2<br data-start=\"306\" data-end=\"309\" \/>ZF TE-ML 05A \/ 07A \/ 16B \/ 17B \/ 19B \/ 21A<br data-start=\"351\" data-end=\"354\" \/>Mack GO-J \/ Volvo 97310<\/p>\n<p data-start=\"379\" data-end=\"520\">Uygulama Alanlar\u0131:<br data-start=\"397\" data-end=\"400\" \/>Y\u00fcksek y\u00fck ve y\u00fcksek s\u0131cakl\u0131k ko\u015fullar\u0131nda \u00e7al\u0131\u015fan kamyonlar, otob\u00fcsler ve a\u011f\u0131r hizmet tipi ara\u00e7lar i\u00e7in tavsiye edilir.<\/p>\n<p data-start=\"522\" data-end=\"647\" data-is-last-node=\"\" data-is-only-node=\"\">Terms of Use:<br data-start=\"541\" data-end=\"544\" \/>S\u0131cak iklimler ve arazi ko\u015fullar\u0131 i\u00e7in idealdir. G\u00fcvenilir ya\u011flama sa\u011flar ve di\u015fli g\u00fcr\u00fclt\u00fcs\u00fcn\u00fc azalt\u0131r.<\/p>","protected":false},"excerpt":{"rendered":"<p>ROUTE 80W-90 EP, manuel \u015fanz\u0131manlar ve hipoid diferansiyeller i\u00e7in form\u00fcle edilmi\u015f, y\u00fcksek performansl\u0131 mineral bazl\u0131 bir di\u015fli ya\u011f\u0131d\u0131r. A\u015f\u0131nmaya, korozyona ve oksidasyona kar\u015f\u0131 m\u00fckemmel koruma sa\u011flayarak uzun servis \u00f6mr\u00fc sunar.<\/p>","protected":false},"featured_media":29926,"template":"","meta":[],"product_brand":[92],"product_cat":[74,78],"product_tag":[],"class_list":{"0":"post-3396","1":"product","2":"type-product","3":"status-publish","4":"has-post-thumbnail","6":"product_brand-route-lubricants","7":"product_cat-route-lubricants","8":"product_cat-disli-ve-transmiyon-yaglari","10":"first","11":"instock","12":"shipping-taxable","13":"product-type-simple"},"_links":{"self":[{"href":"https:\/\/strongenerji.com\/en\/wp-json\/wp\/v2\/product\/3396","targetHints":{"allow":["GET"]}}],"collection":[{"href":"https:\/\/strongenerji.com\/en\/wp-json\/wp\/v2\/product"}],"about":[{"href":"https:\/\/strongenerji.com\/en\/wp-json\/wp\/v2\/types\/product"}],"version-history":[{"count":1,"href":"https:\/\/strongenerji.com\/en\/wp-json\/wp\/v2\/product\/3396\/revisions"}],"predecessor-version":[{"id":29927,"href":"https:\/\/strongenerji.com\/en\/wp-json\/wp\/v2\/product\/3396\/revisions\/29927"}],"wp:featuredmedia":[{"embeddable":true,"href":"https:\/\/strongenerji.com\/en\/wp-json\/wp\/v2\/media\/29926"}],"wp:attachment":[{"href":"https:\/\/strongenerji.com\/en\/wp-json\/wp\/v2\/media?parent=3396"}],"wp:term":[{"taxonomy":"product_brand","embeddable":true,"href":"https:\/\/strongenerji.com\/en\/wp-json\/wp\/v2\/product_brand?post=3396"},{"taxonomy":"product_cat","embeddable":true,"href":"https:\/\/strongenerji.com\/en\/wp-json\/wp\/v2\/product_cat?post=3396"},{"taxonomy":"product_tag","embeddable":true,"href":"https:\/\/strongenerji.com\/en\/wp-json\/wp\/v2\/product_tag?post=3396"}],"curies":[{"name":"wp","href":"https:\/\/api.w.org\/{rel}","templated":true}]}}