{"id":3392,"date":"2025-12-22T10:17:09","date_gmt":"2025-12-22T10:17:09","guid":{"rendered":"https:\/\/strongenerji.com\/?post_type=product&#038;p=3392"},"modified":"2025-12-22T11:29:42","modified_gmt":"2025-12-22T11:29:42","slug":"route-gear-ep-75w-80-5l","status":"publish","type":"product","link":"https:\/\/strongenerji.com\/en\/product\/route-gear-ep-75w-80-5l\/","title":{"rendered":"ROUTE GEAR EP 75W-80 5L"},"content":{"rendered":"<p data-start=\"0\" data-end=\"243\">ROUTE 75W-80 EP, sentetik baz ya\u011flar ve geli\u015fmi\u015f EP (A\u015f\u0131r\u0131 Bas\u0131n\u00e7) katk\u0131lar\u0131 ile form\u00fcle edilmi\u015f, y\u00fcksek kaliteli bir manuel \u015fanz\u0131man ya\u011f\u0131d\u0131r. Yumu\u015fak vites ge\u00e7i\u015fleri, a\u011f\u0131r y\u00fckler alt\u0131nda g\u00fc\u00e7l\u00fc koruma ve m\u00fckemmel oksidasyon stabilitesi sa\u011flar.<\/p>\n<p data-start=\"245\" data-end=\"385\">Performance Level:<br data-start=\"265\" data-end=\"268\" \/>API GL-4 \/ GL-4+<br data-start=\"284\" data-end=\"287\" \/>MIL-L-2105 \/ MAN 341 Type Z3 \/ MB 235.4<br data-start=\"326\" data-end=\"329\" \/>ZF TE-ML 02B \/ 08 \/ PSA B71 2330 \/ Renault 77 11 172 174<\/p>\n<p data-start=\"387\" data-end=\"546\">Uygulama Alanlar\u0131:<br data-start=\"405\" data-end=\"408\" \/>GL-4 spesifikasyonu gerektiren binek otomobiller ve hafif ticari ara\u00e7lardaki modern manuel \u015fanz\u0131manlar ve transakslar i\u00e7in tavsiye edilir.<\/p>\n<p data-start=\"548\" data-end=\"666\" data-is-last-node=\"\" data-is-only-node=\"\">Terms of Use:<br data-start=\"567\" data-end=\"570\" \/>T\u00fcm s\u00fcr\u00fc\u015f ko\u015fullar\u0131nda m\u00fckemmel termal stabilite, sessiz \u00e7al\u0131\u015fma ve uzat\u0131lm\u0131\u015f di\u015fli \u00f6mr\u00fc sa\u011flar.<\/p>","protected":false},"excerpt":{"rendered":"<p>ROUTE 75W-80 EP, sentetik baz ya\u011flar ve geli\u015fmi\u015f EP (A\u015f\u0131r\u0131 Bas\u0131n\u00e7) katk\u0131lar\u0131 ile form\u00fcle edilmi\u015f, y\u00fcksek kaliteli bir manuel \u015fanz\u0131man ya\u011f\u0131d\u0131r. Yumu\u015fak vites ge\u00e7i\u015fleri, a\u011f\u0131r y\u00fckler alt\u0131nda g\u00fc\u00e7l\u00fc koruma ve m\u00fckemmel oksidasyon stabilitesi sa\u011flar.<\/p>","protected":false},"featured_media":29924,"template":"","meta":[],"product_brand":[92],"product_cat":[74,78],"product_tag":[],"class_list":{"0":"post-3392","1":"product","2":"type-product","3":"status-publish","4":"has-post-thumbnail","6":"product_brand-route-lubricants","7":"product_cat-route-lubricants","8":"product_cat-disli-ve-transmiyon-yaglari","10":"first","11":"instock","12":"shipping-taxable","13":"product-type-simple"},"_links":{"self":[{"href":"https:\/\/strongenerji.com\/en\/wp-json\/wp\/v2\/product\/3392","targetHints":{"allow":["GET"]}}],"collection":[{"href":"https:\/\/strongenerji.com\/en\/wp-json\/wp\/v2\/product"}],"about":[{"href":"https:\/\/strongenerji.com\/en\/wp-json\/wp\/v2\/types\/product"}],"version-history":[{"count":1,"href":"https:\/\/strongenerji.com\/en\/wp-json\/wp\/v2\/product\/3392\/revisions"}],"predecessor-version":[{"id":29925,"href":"https:\/\/strongenerji.com\/en\/wp-json\/wp\/v2\/product\/3392\/revisions\/29925"}],"wp:featuredmedia":[{"embeddable":true,"href":"https:\/\/strongenerji.com\/en\/wp-json\/wp\/v2\/media\/29924"}],"wp:attachment":[{"href":"https:\/\/strongenerji.com\/en\/wp-json\/wp\/v2\/media?parent=3392"}],"wp:term":[{"taxonomy":"product_brand","embeddable":true,"href":"https:\/\/strongenerji.com\/en\/wp-json\/wp\/v2\/product_brand?post=3392"},{"taxonomy":"product_cat","embeddable":true,"href":"https:\/\/strongenerji.com\/en\/wp-json\/wp\/v2\/product_cat?post=3392"},{"taxonomy":"product_tag","embeddable":true,"href":"https:\/\/strongenerji.com\/en\/wp-json\/wp\/v2\/product_tag?post=3392"}],"curies":[{"name":"wp","href":"https:\/\/api.w.org\/{rel}","templated":true}]}}