{"id":3388,"date":"2025-12-22T10:13:03","date_gmt":"2025-12-22T10:13:03","guid":{"rendered":"https:\/\/strongenerji.com\/?post_type=product&#038;p=3388"},"modified":"2025-12-22T11:13:10","modified_gmt":"2025-12-22T11:13:10","slug":"route-antifreeze-g12-37c-5l","status":"publish","type":"product","link":"https:\/\/strongenerji.com\/en\/product\/route-antifreeze-g12-37c-5l\/","title":{"rendered":"ROUTE ANTIFREEZE G12 \u201337\u00b0C 5L"},"content":{"rendered":"<p data-start=\"0\" data-end=\"199\">ROUTE G12 \u201337\u00b0C, silikat, fosfat ve amin i\u00e7ermeyen OAT bazl\u0131 bir so\u011futma s\u0131v\u0131s\u0131d\u0131r. Modern al\u00fcminyum so\u011futma sistemleri i\u00e7in uzun s\u00fcreli korozyon korumas\u0131 ve m\u00fckemmel \u0131s\u0131 transfer performans\u0131 sa\u011flar.<\/p>\n<p data-start=\"201\" data-end=\"334\">Performance Level:<br data-start=\"221\" data-end=\"224\" \/>VW TL 774-D \/ F (G12)<br data-start=\"245\" data-end=\"248\" \/>MAN 324 SNF \/ MB 325.3<br data-start=\"270\" data-end=\"273\" \/>Ford WSS-M97B44-D<br data-start=\"290\" data-end=\"293\" \/>ASTM D6210 \/ Caterpillar EC-1 \/ SAE J1034<\/p>\n<p data-start=\"336\" data-end=\"465\">Uygulama Alanlar\u0131:<br data-start=\"354\" data-end=\"357\" \/>G12 spesifikasyonu gerektiren VW, Audi, Skoda, Seat, BMW, Ford ve Toyota marka modern ara\u00e7lar i\u00e7in uygundur.<\/p>\n<p data-start=\"467\" data-end=\"631\" data-is-last-node=\"\" data-is-only-node=\"\">Terms of Use:<br data-start=\"486\" data-end=\"489\" \/>Demineralize su ile 1:1 oran\u0131nda kar\u0131\u015ft\u0131r\u0131larak \u201337\u00b0C\u2019ye kadar donmaya kar\u015f\u0131 koruma sa\u011flar. 5 y\u0131la veya 250.000 km\u2019ye kadar servis \u00f6mr\u00fc sunar.<\/p>","protected":false},"excerpt":{"rendered":"<p>ROUTE G12 \u201337\u00b0C, silikat, fosfat ve amin i\u00e7ermeyen OAT bazl\u0131 bir so\u011futma s\u0131v\u0131s\u0131d\u0131r. Modern al\u00fcminyum so\u011futma sistemleri i\u00e7in uzun s\u00fcreli korozyon korumas\u0131 ve m\u00fckemmel \u0131s\u0131 transfer performans\u0131 sa\u011flar.<\/p>","protected":false},"featured_media":29922,"template":"","meta":[],"product_brand":[],"product_cat":[100,74],"product_tag":[],"class_list":{"0":"post-3388","1":"product","2":"type-product","3":"status-publish","4":"has-post-thumbnail","6":"product_cat-antifirizler-route-lubricants","7":"product_cat-route-lubricants","9":"first","10":"instock","11":"shipping-taxable","12":"product-type-simple"},"_links":{"self":[{"href":"https:\/\/strongenerji.com\/en\/wp-json\/wp\/v2\/product\/3388","targetHints":{"allow":["GET"]}}],"collection":[{"href":"https:\/\/strongenerji.com\/en\/wp-json\/wp\/v2\/product"}],"about":[{"href":"https:\/\/strongenerji.com\/en\/wp-json\/wp\/v2\/types\/product"}],"version-history":[{"count":1,"href":"https:\/\/strongenerji.com\/en\/wp-json\/wp\/v2\/product\/3388\/revisions"}],"predecessor-version":[{"id":29923,"href":"https:\/\/strongenerji.com\/en\/wp-json\/wp\/v2\/product\/3388\/revisions\/29923"}],"wp:featuredmedia":[{"embeddable":true,"href":"https:\/\/strongenerji.com\/en\/wp-json\/wp\/v2\/media\/29922"}],"wp:attachment":[{"href":"https:\/\/strongenerji.com\/en\/wp-json\/wp\/v2\/media?parent=3388"}],"wp:term":[{"taxonomy":"product_brand","embeddable":true,"href":"https:\/\/strongenerji.com\/en\/wp-json\/wp\/v2\/product_brand?post=3388"},{"taxonomy":"product_cat","embeddable":true,"href":"https:\/\/strongenerji.com\/en\/wp-json\/wp\/v2\/product_cat?post=3388"},{"taxonomy":"product_tag","embeddable":true,"href":"https:\/\/strongenerji.com\/en\/wp-json\/wp\/v2\/product_tag?post=3388"}],"curies":[{"name":"wp","href":"https:\/\/api.w.org\/{rel}","templated":true}]}}