{"id":3385,"date":"2025-12-22T10:01:09","date_gmt":"2025-12-22T10:01:09","guid":{"rendered":"https:\/\/strongenerji.com\/?post_type=product&#038;p=3385"},"modified":"2025-12-22T11:13:10","modified_gmt":"2025-12-22T11:13:10","slug":"route-antifreeze-g11-10c-5l","status":"publish","type":"product","link":"https:\/\/strongenerji.com\/en\/product\/route-antifreeze-g11-10c-5l\/","title":{"rendered":"ROUTE ANTIFREEZE G11 \u201310\u00b0C 5L"},"content":{"rendered":"<p data-start=\"0\" data-end=\"290\">ROUTE G11 \u201310\u00b0C, korozyona, kavitasyona ve donmaya kar\u015f\u0131 koruma sa\u011flamak \u00fczere inorganik katk\u0131larla form\u00fcle edilmi\u015f, kullan\u0131ma haz\u0131r silikat bazl\u0131 bir so\u011futma s\u0131v\u0131s\u0131d\u0131r. Eski tip ara\u00e7lar ve hafif hizmet tipi motorlarda al\u00fcminyum, \u00e7elik ve d\u00f6kme demir bile\u015fenler i\u00e7in g\u00fcvenilir koruma sunar.<\/p>\n<p data-start=\"292\" data-end=\"407\">Performance Level:<br data-start=\"312\" data-end=\"315\" \/>VW TL 774-C (G11)<br data-start=\"332\" data-end=\"335\" \/>MB 325.0 \/ MAN 324 NF \/ BMW N600 69.0<br data-start=\"372\" data-end=\"375\" \/>ASTM D3306 \/ BS 6580 \/ SAE J1034<\/p>\n<p data-start=\"409\" data-end=\"551\">Uygulama Alanlar\u0131:<br data-start=\"427\" data-end=\"430\" \/>Recommended for older generation passenger cars, light commercial vehicles and industrial engines requiring G11 specification.<\/p>\n<p data-start=\"553\" data-end=\"716\" data-is-last-node=\"\" data-is-only-node=\"\">Terms of Use:<br data-start=\"572\" data-end=\"575\" \/>Kullan\u0131ma haz\u0131rd\u0131r, seyreltilmesi gerekmez. \u201310\u00b0C\u2019ye kadar donmaya kar\u015f\u0131 koruma sa\u011flar. Il\u0131man iklimlerde d\u00f6rt mevsim kullan\u0131m i\u00e7in uygundur.<\/p>","protected":false},"excerpt":{"rendered":"<p>ROUTE G11 \u201310\u00b0C, korozyona, kavitasyona ve donmaya kar\u015f\u0131 koruma sa\u011flamak \u00fczere inorganik katk\u0131larla form\u00fcle edilmi\u015f, kullan\u0131ma haz\u0131r silikat bazl\u0131 bir so\u011futma s\u0131v\u0131s\u0131d\u0131r. Eski tip ara\u00e7lar ve hafif hizmet tipi motorlarda al\u00fcminyum, \u00e7elik ve d\u00f6kme demir bile\u015fenler i\u00e7in g\u00fcvenilir koruma sunar.<\/p>","protected":false},"featured_media":29920,"template":"","meta":[],"product_brand":[],"product_cat":[100,74],"product_tag":[],"class_list":{"0":"post-3385","1":"product","2":"type-product","3":"status-publish","4":"has-post-thumbnail","6":"product_cat-antifirizler-route-lubricants","7":"product_cat-route-lubricants","9":"first","10":"instock","11":"shipping-taxable","12":"product-type-simple"},"_links":{"self":[{"href":"https:\/\/strongenerji.com\/en\/wp-json\/wp\/v2\/product\/3385","targetHints":{"allow":["GET"]}}],"collection":[{"href":"https:\/\/strongenerji.com\/en\/wp-json\/wp\/v2\/product"}],"about":[{"href":"https:\/\/strongenerji.com\/en\/wp-json\/wp\/v2\/types\/product"}],"version-history":[{"count":1,"href":"https:\/\/strongenerji.com\/en\/wp-json\/wp\/v2\/product\/3385\/revisions"}],"predecessor-version":[{"id":29921,"href":"https:\/\/strongenerji.com\/en\/wp-json\/wp\/v2\/product\/3385\/revisions\/29921"}],"wp:featuredmedia":[{"embeddable":true,"href":"https:\/\/strongenerji.com\/en\/wp-json\/wp\/v2\/media\/29920"}],"wp:attachment":[{"href":"https:\/\/strongenerji.com\/en\/wp-json\/wp\/v2\/media?parent=3385"}],"wp:term":[{"taxonomy":"product_brand","embeddable":true,"href":"https:\/\/strongenerji.com\/en\/wp-json\/wp\/v2\/product_brand?post=3385"},{"taxonomy":"product_cat","embeddable":true,"href":"https:\/\/strongenerji.com\/en\/wp-json\/wp\/v2\/product_cat?post=3385"},{"taxonomy":"product_tag","embeddable":true,"href":"https:\/\/strongenerji.com\/en\/wp-json\/wp\/v2\/product_tag?post=3385"}],"curies":[{"name":"wp","href":"https:\/\/api.w.org\/{rel}","templated":true}]}}