{"id":3382,"date":"2025-12-22T09:58:10","date_gmt":"2025-12-22T09:58:10","guid":{"rendered":"https:\/\/strongenerji.com\/?post_type=product&#038;p=3382"},"modified":"2025-12-22T11:23:55","modified_gmt":"2025-12-22T11:23:55","slug":"route-brake-fluid-dot-5-1-500ml","status":"publish","type":"product","link":"https:\/\/strongenerji.com\/en\/product\/route-brake-fluid-dot-5-1-500ml\/","title":{"rendered":"ROUTE BRAKE FLUID DOT 5.1 500ml"},"content":{"rendered":"<div class=\"flex flex-col text-sm pb-25\">\n<article class=\"text-token-text-primary w-full focus:outline-none [--shadow-height:45px] has-data-writing-block:pointer-events-none has-data-writing-block:-mt-(--shadow-height) has-data-writing-block:pt-(--shadow-height) [&amp;:has([data-writing-block])&gt;*]:pointer-events-auto scroll-mt-[calc(var(--header-height)+min(200px,max(70px,20svh)))]\" dir=\"auto\" tabindex=\"-1\" data-turn-id=\"request-WEB:12f72b27-1f6b-4d05-a884-e89e384ba423-6\" data-testid=\"conversation-turn-14\" data-scroll-anchor=\"true\" data-turn=\"assistant\">\n<div class=\"text-base my-auto mx-auto pb-10 [--thread-content-margin:--spacing(4)] @w-sm\/main:[--thread-content-margin:--spacing(6)] @w-lg\/main:[--thread-content-margin:--spacing(16)] px-(--thread-content-margin)\">\n<div class=\"[--thread-content-max-width:40rem] @w-lg\/main:[--thread-content-max-width:48rem] mx-auto max-w-(--thread-content-max-width) flex-1 group\/turn-messages focus-visible:outline-hidden relative flex w-full min-w-0 flex-col agent-turn\" tabindex=\"-1\">\n<div class=\"flex max-w-full flex-col grow\">\n<div class=\"min-h-8 text-message relative flex w-full flex-col items-end gap-2 text-start break-words whitespace-normal [.text-message+&amp;]:mt-1\" dir=\"auto\" data-message-author-role=\"assistant\" data-message-id=\"46017787-5414-4bc1-abbd-c13ff9c58062\" data-message-model-slug=\"gpt-5-2\">\n<div class=\"flex w-full flex-col gap-1 empty:hidden first:pt-[1px]\">\n<div class=\"markdown prose dark:prose-invert w-full break-words light markdown-new-styling\">\n<p data-start=\"0\" data-end=\"234\">ROUTE DOT 5.1, yar\u0131\u015f, y\u00fcksek performansl\u0131 ara\u00e7lar ve a\u011f\u0131r hizmet uygulamalar\u0131 i\u00e7in tasarlanm\u0131\u015f, tamamen sentetik ve d\u00fc\u015f\u00fck viskoziteli bir fren hidroli\u011fidir. A\u015f\u0131r\u0131 s\u0131cakl\u0131k ko\u015fullar\u0131nda maksimum fren tepkisi ve termal stabilite sa\u011flar.<\/p>\n<p data-start=\"236\" data-end=\"394\">Performance Level:<br data-start=\"256\" data-end=\"259\" \/>FMVSS No. 116 DOT 5.1<br data-start=\"280\" data-end=\"283\" \/>ISO 4925 Class 5.1<br data-start=\"301\" data-end=\"304\" \/>SAE J1704 \/ J1703<br data-start=\"321\" data-end=\"324\" \/>JIS K2233<br data-start=\"333\" data-end=\"336\" \/>Bosch, TRW ve ATE sistemlerinin gerekliliklerini kar\u015f\u0131lar.<\/p>\n<p data-start=\"396\" data-end=\"543\">Uygulama Alanlar\u0131:<br data-start=\"414\" data-end=\"417\" \/>A\u015f\u0131r\u0131 fren bas\u0131nc\u0131 ve \u0131s\u0131 alt\u0131nda \u00e7al\u0131\u015fan yar\u0131\u015f ara\u00e7lar\u0131, spor otomobiller ve geli\u015fmi\u015f ABS\/ESP sistemleri i\u00e7in tavsiye edilir.<\/p>\n<p data-start=\"545\" data-end=\"626\">Kaynama Noktas\u0131:<br data-start=\"561\" data-end=\"564\" \/>Kuru Kaynama Noktas\u0131: \u2265 270\u00b0C<br data-start=\"593\" data-end=\"596\" \/>Islak Kaynama Noktas\u0131: \u2265 190\u00b0C<\/p>\n<p data-start=\"628\" data-end=\"768\" data-is-last-node=\"\" data-is-only-node=\"\">Terms of Use:<br data-start=\"647\" data-end=\"650\" \/>DOT 3 ve DOT 4 sistemleriyle tamamen uyumludur. H\u0131zl\u0131 pedal tepkisi, korozyon \u00f6nleme ve uzun servis aral\u0131klar\u0131 sa\u011flar.<\/p>\n<\/div>\n<\/div>\n<\/div>\n<\/div>\n<div class=\"z-0 flex min-h-[46px] justify-start\"><\/div>\n<div class=\"mt-3 w-full empty:hidden\">\n<div class=\"text-center\"><\/div>\n<\/div>\n<\/div>\n<\/div>\n<\/article>\n<\/div>\n<div class=\"pointer-events-none h-px w-px absolute bottom-0\" aria-hidden=\"true\" data-edge=\"true\"><\/div>","protected":false},"excerpt":{"rendered":"<p>ROUTE DOT 5.1, yar\u0131\u015f, y\u00fcksek performansl\u0131 ara\u00e7lar ve a\u011f\u0131r hizmet uygulamalar\u0131 i\u00e7in tasarlanm\u0131\u015f, tamamen sentetik ve d\u00fc\u015f\u00fck viskoziteli bir fren hidroli\u011fidir. A\u015f\u0131r\u0131 s\u0131cakl\u0131k ko\u015fullar\u0131nda maksimum fren tepkisi ve termal stabilite sa\u011flar.<\/p>","protected":false},"featured_media":29918,"template":"","meta":[],"product_brand":[92],"product_cat":[101,74],"product_tag":[],"class_list":{"0":"post-3382","1":"product","2":"type-product","3":"status-publish","4":"has-post-thumbnail","6":"product_brand-route-lubricants","7":"product_cat-fren-sivilari-route-lubricants","8":"product_cat-route-lubricants","10":"first","11":"instock","12":"shipping-taxable","13":"product-type-simple"},"_links":{"self":[{"href":"https:\/\/strongenerji.com\/en\/wp-json\/wp\/v2\/product\/3382","targetHints":{"allow":["GET"]}}],"collection":[{"href":"https:\/\/strongenerji.com\/en\/wp-json\/wp\/v2\/product"}],"about":[{"href":"https:\/\/strongenerji.com\/en\/wp-json\/wp\/v2\/types\/product"}],"version-history":[{"count":1,"href":"https:\/\/strongenerji.com\/en\/wp-json\/wp\/v2\/product\/3382\/revisions"}],"predecessor-version":[{"id":29919,"href":"https:\/\/strongenerji.com\/en\/wp-json\/wp\/v2\/product\/3382\/revisions\/29919"}],"wp:featuredmedia":[{"embeddable":true,"href":"https:\/\/strongenerji.com\/en\/wp-json\/wp\/v2\/media\/29918"}],"wp:attachment":[{"href":"https:\/\/strongenerji.com\/en\/wp-json\/wp\/v2\/media?parent=3382"}],"wp:term":[{"taxonomy":"product_brand","embeddable":true,"href":"https:\/\/strongenerji.com\/en\/wp-json\/wp\/v2\/product_brand?post=3382"},{"taxonomy":"product_cat","embeddable":true,"href":"https:\/\/strongenerji.com\/en\/wp-json\/wp\/v2\/product_cat?post=3382"},{"taxonomy":"product_tag","embeddable":true,"href":"https:\/\/strongenerji.com\/en\/wp-json\/wp\/v2\/product_tag?post=3382"}],"curies":[{"name":"wp","href":"https:\/\/api.w.org\/{rel}","templated":true}]}}