{"id":3379,"date":"2025-12-22T09:55:44","date_gmt":"2025-12-22T09:55:44","guid":{"rendered":"https:\/\/strongenerji.com\/?post_type=product&#038;p=3379"},"modified":"2025-12-22T11:23:55","modified_gmt":"2025-12-22T11:23:55","slug":"route-brake-fluid-dot-4-500ml","status":"publish","type":"product","link":"https:\/\/strongenerji.com\/en\/product\/route-brake-fluid-dot-4-500ml\/","title":{"rendered":"ROUTE BRAKE FLUID DOT 4 500ml"},"content":{"rendered":"<div class=\"flex flex-col text-sm pb-25\">\n<article class=\"text-token-text-primary w-full focus:outline-none [--shadow-height:45px] has-data-writing-block:pointer-events-none has-data-writing-block:-mt-(--shadow-height) has-data-writing-block:pt-(--shadow-height) [&amp;:has([data-writing-block])&gt;*]:pointer-events-auto scroll-mt-[calc(var(--header-height)+min(200px,max(70px,20svh)))]\" dir=\"auto\" tabindex=\"-1\" data-turn-id=\"request-WEB:12f72b27-1f6b-4d05-a884-e89e384ba423-4\" data-testid=\"conversation-turn-10\" data-scroll-anchor=\"true\" data-turn=\"assistant\">\n<div class=\"text-base my-auto mx-auto pb-10 [--thread-content-margin:--spacing(4)] @w-sm\/main:[--thread-content-margin:--spacing(6)] @w-lg\/main:[--thread-content-margin:--spacing(16)] px-(--thread-content-margin)\">\n<div class=\"[--thread-content-max-width:40rem] @w-lg\/main:[--thread-content-max-width:48rem] mx-auto max-w-(--thread-content-max-width) flex-1 group\/turn-messages focus-visible:outline-hidden relative flex w-full min-w-0 flex-col agent-turn\" tabindex=\"-1\">\n<div class=\"flex max-w-full flex-col grow\">\n<div class=\"min-h-8 text-message relative flex w-full flex-col items-end gap-2 text-start break-words whitespace-normal [.text-message+&amp;]:mt-1\" dir=\"auto\" data-message-author-role=\"assistant\" data-message-id=\"33ed5945-2ff9-43b8-a259-f78b9f13b1e3\" data-message-model-slug=\"gpt-5-2\">\n<div class=\"flex w-full flex-col gap-1 empty:hidden first:pt-[1px]\">\n<div class=\"markdown prose dark:prose-invert w-full break-words light markdown-new-styling\">\n<p data-start=\"0\" data-end=\"262\">ROUTE DOT 4, daha y\u00fcksek kaynama noktalar\u0131na sahip, ABS, ESP ve disk fren sistemleri bulunan modern ara\u00e7lar i\u00e7in uygun, premium bir fren hidroli\u011fidir. Zorlu frenleme ko\u015fullar\u0131 alt\u0131nda buhar kilitlenmesine, korozyona ve s\u0131v\u0131 bozulmas\u0131na kar\u015f\u0131 \u00fcst\u00fcn diren\u00e7 sa\u011flar.<\/p>\n<p data-start=\"264\" data-end=\"357\">Performance Level:<br data-start=\"284\" data-end=\"287\" \/>FMVSS No. 116 DOT 4<br data-start=\"306\" data-end=\"309\" \/>ISO 4925 Class 4<br data-start=\"325\" data-end=\"328\" \/>SAE J1703 \/ J1704<br data-start=\"345\" data-end=\"348\" \/>JIS K2233<\/p>\n<p data-start=\"359\" data-end=\"557\">Uygulama Alanlar\u0131:<br data-start=\"377\" data-end=\"380\" \/>Otomobiller, kamyonlar ve motosikletlerin t\u00fcm modern hidrolik fren sistemleri i\u00e7in; \u00f6zellikle ABS ve elektronik denge kontrol\u00fc (ESP) ile donat\u0131lm\u0131\u015f ara\u00e7larda kullan\u0131ma uygundur.<\/p>\n<p data-start=\"559\" data-end=\"640\">Kaynama Noktas\u0131:<br data-start=\"575\" data-end=\"578\" \/>Kuru Kaynama Noktas\u0131: \u2265 230\u00b0C<br data-start=\"607\" data-end=\"610\" \/>Islak Kaynama Noktas\u0131: \u2265 155\u00b0C<\/p>\n<p data-start=\"642\" data-end=\"789\" data-is-last-node=\"\" data-is-only-node=\"\">Terms of Use:<br data-start=\"661\" data-end=\"664\" \/>\u015eehir i\u00e7i ve y\u00fcksek h\u0131zl\u0131 s\u00fcr\u00fc\u015f ko\u015fullar\u0131nda g\u00fcvenilir frenleme sa\u011flar. M\u00fckemmel korozyon direnci ve kau\u00e7uk uyumlulu\u011fu sunar.<\/p>\n<\/div>\n<\/div>\n<\/div>\n<\/div>\n<div class=\"z-0 flex min-h-[46px] justify-start\"><\/div>\n<div class=\"mt-3 w-full empty:hidden\">\n<div class=\"text-center\"><\/div>\n<\/div>\n<\/div>\n<\/div>\n<\/article>\n<\/div>\n<div class=\"pointer-events-none h-px w-px absolute bottom-0\" aria-hidden=\"true\" data-edge=\"true\"><\/div>","protected":false},"excerpt":{"rendered":"<p>ROUTE DOT 4, daha y\u00fcksek kaynama noktalar\u0131na sahip, ABS, ESP ve disk fren sistemleri bulunan modern ara\u00e7lar i\u00e7in uygun, premium bir fren hidroli\u011fidir. Zorlu frenleme ko\u015fullar\u0131 alt\u0131nda buhar kilitlenmesine, korozyona ve s\u0131v\u0131 bozulmas\u0131na kar\u015f\u0131 \u00fcst\u00fcn diren\u00e7 sa\u011flar.<\/p>","protected":false},"featured_media":29916,"template":"","meta":[],"product_brand":[92],"product_cat":[101,74],"product_tag":[],"class_list":{"0":"post-3379","1":"product","2":"type-product","3":"status-publish","4":"has-post-thumbnail","6":"product_brand-route-lubricants","7":"product_cat-fren-sivilari-route-lubricants","8":"product_cat-route-lubricants","10":"first","11":"instock","12":"shipping-taxable","13":"product-type-simple"},"_links":{"self":[{"href":"https:\/\/strongenerji.com\/en\/wp-json\/wp\/v2\/product\/3379","targetHints":{"allow":["GET"]}}],"collection":[{"href":"https:\/\/strongenerji.com\/en\/wp-json\/wp\/v2\/product"}],"about":[{"href":"https:\/\/strongenerji.com\/en\/wp-json\/wp\/v2\/types\/product"}],"version-history":[{"count":1,"href":"https:\/\/strongenerji.com\/en\/wp-json\/wp\/v2\/product\/3379\/revisions"}],"predecessor-version":[{"id":29917,"href":"https:\/\/strongenerji.com\/en\/wp-json\/wp\/v2\/product\/3379\/revisions\/29917"}],"wp:featuredmedia":[{"embeddable":true,"href":"https:\/\/strongenerji.com\/en\/wp-json\/wp\/v2\/media\/29916"}],"wp:attachment":[{"href":"https:\/\/strongenerji.com\/en\/wp-json\/wp\/v2\/media?parent=3379"}],"wp:term":[{"taxonomy":"product_brand","embeddable":true,"href":"https:\/\/strongenerji.com\/en\/wp-json\/wp\/v2\/product_brand?post=3379"},{"taxonomy":"product_cat","embeddable":true,"href":"https:\/\/strongenerji.com\/en\/wp-json\/wp\/v2\/product_cat?post=3379"},{"taxonomy":"product_tag","embeddable":true,"href":"https:\/\/strongenerji.com\/en\/wp-json\/wp\/v2\/product_tag?post=3379"}],"curies":[{"name":"wp","href":"https:\/\/api.w.org\/{rel}","templated":true}]}}