{"id":3376,"date":"2025-12-22T09:53:32","date_gmt":"2025-12-22T09:53:32","guid":{"rendered":"https:\/\/strongenerji.com\/?post_type=product&#038;p=3376"},"modified":"2025-12-22T11:23:55","modified_gmt":"2025-12-22T11:23:55","slug":"route-brake-fluid-dot-3-500ml","status":"publish","type":"product","link":"https:\/\/strongenerji.com\/en\/product\/route-brake-fluid-dot-3-500ml\/","title":{"rendered":"ROUTE BRAKE FLUID DOT 3 500ML"},"content":{"rendered":"<p data-start=\"0\" data-end=\"298\">ROUTE DOT 3, binek otomobiller, motosikletler ve hafif ticari ara\u00e7lar\u0131n hidrolik fren ve debriyaj sistemlerinde kullan\u0131m i\u00e7in tasarlanm\u0131\u015f, y\u00fcksek kaliteli glikol bazl\u0131 bir fren hidroli\u011fidir. Geni\u015f bir s\u0131cakl\u0131k aral\u0131\u011f\u0131nda g\u00fcvenli frenleme performans\u0131 sa\u011flar, buhar kilitlenmesini ve korozyonu \u00f6nler.<\/p>\n<p data-start=\"300\" data-end=\"393\">Performance Level:<br data-start=\"320\" data-end=\"323\" \/>FMVSS No. 116 DOT 3<br data-start=\"342\" data-end=\"345\" \/>ISO 4925 Class 3<br data-start=\"361\" data-end=\"364\" \/>SAE J1703 \/ J1704<br data-start=\"381\" data-end=\"384\" \/>JIS K2233<\/p>\n<p data-start=\"395\" data-end=\"569\">Uygulama Alanlar\u0131:<br data-start=\"413\" data-end=\"416\" \/>DOT 3 fren hidroli\u011fi belirtilen otomobillerin, motosikletlerin ve hafif hizmet tipi kamyonlar\u0131n hidrolik fren ve debriyaj sistemleri i\u00e7in tavsiye edilir.<\/p>\n<p data-start=\"571\" data-end=\"652\">Kaynama Noktas\u0131:<br data-start=\"587\" data-end=\"590\" \/>Kuru Kaynama Noktas\u0131: \u2265 205\u00b0C<br data-start=\"619\" data-end=\"622\" \/>Islak Kaynama Noktas\u0131: \u2265 140\u00b0C<\/p>\n<p data-start=\"654\" data-end=\"801\" data-is-last-node=\"\" data-is-only-node=\"\">Terms of Use:<br data-start=\"673\" data-end=\"676\" \/>Kau\u00e7uk contalar ve geleneksel fren sistemleri ile uyumludur. \u015eehir i\u00e7i ve otoyol s\u00fcr\u00fc\u015f ko\u015fullar\u0131nda tutarl\u0131 performans sunar.<\/p>","protected":false},"excerpt":{"rendered":"<p>ROUTE DOT 3, binek otomobiller, motosikletler ve hafif ticari ara\u00e7lar\u0131n hidrolik fren ve debriyaj sistemlerinde kullan\u0131m i\u00e7in tasarlanm\u0131\u015f, y\u00fcksek kaliteli glikol bazl\u0131 bir fren hidroli\u011fidir. Geni\u015f bir s\u0131cakl\u0131k aral\u0131\u011f\u0131nda g\u00fcvenli frenleme performans\u0131 sa\u011flar, buhar kilitlenmesini ve korozyonu \u00f6nler.<\/p>","protected":false},"featured_media":29914,"template":"","meta":[],"product_brand":[92],"product_cat":[101,74],"product_tag":[],"class_list":{"0":"post-3376","1":"product","2":"type-product","3":"status-publish","4":"has-post-thumbnail","6":"product_brand-route-lubricants","7":"product_cat-fren-sivilari-route-lubricants","8":"product_cat-route-lubricants","10":"first","11":"instock","12":"shipping-taxable","13":"product-type-simple"},"_links":{"self":[{"href":"https:\/\/strongenerji.com\/en\/wp-json\/wp\/v2\/product\/3376","targetHints":{"allow":["GET"]}}],"collection":[{"href":"https:\/\/strongenerji.com\/en\/wp-json\/wp\/v2\/product"}],"about":[{"href":"https:\/\/strongenerji.com\/en\/wp-json\/wp\/v2\/types\/product"}],"version-history":[{"count":1,"href":"https:\/\/strongenerji.com\/en\/wp-json\/wp\/v2\/product\/3376\/revisions"}],"predecessor-version":[{"id":29915,"href":"https:\/\/strongenerji.com\/en\/wp-json\/wp\/v2\/product\/3376\/revisions\/29915"}],"wp:featuredmedia":[{"embeddable":true,"href":"https:\/\/strongenerji.com\/en\/wp-json\/wp\/v2\/media\/29914"}],"wp:attachment":[{"href":"https:\/\/strongenerji.com\/en\/wp-json\/wp\/v2\/media?parent=3376"}],"wp:term":[{"taxonomy":"product_brand","embeddable":true,"href":"https:\/\/strongenerji.com\/en\/wp-json\/wp\/v2\/product_brand?post=3376"},{"taxonomy":"product_cat","embeddable":true,"href":"https:\/\/strongenerji.com\/en\/wp-json\/wp\/v2\/product_cat?post=3376"},{"taxonomy":"product_tag","embeddable":true,"href":"https:\/\/strongenerji.com\/en\/wp-json\/wp\/v2\/product_tag?post=3376"}],"curies":[{"name":"wp","href":"https:\/\/api.w.org\/{rel}","templated":true}]}}