{"id":3373,"date":"2025-12-22T09:37:48","date_gmt":"2025-12-22T09:37:48","guid":{"rendered":"https:\/\/strongenerji.com\/?post_type=product&#038;p=3373"},"modified":"2025-12-22T11:20:49","modified_gmt":"2025-12-22T11:20:49","slug":"route-grease-lithium-ep2-14kg","status":"publish","type":"product","link":"https:\/\/strongenerji.com\/en\/product\/route-grease-lithium-ep2-14kg\/","title":{"rendered":"ROUTE GREASE LITHIUM EP2 14KG"},"content":{"rendered":"<p data-start=\"0\" data-end=\"241\">ROUTE LITHIUM EP2, otomotiv ve end\u00fcstriyel uygulamalar i\u00e7in EP (A\u015f\u0131r\u0131 Bas\u0131n\u00e7) katk\u0131lar\u0131yla form\u00fcle edilmi\u015f, y\u00fcksek performansl\u0131, \u00e7ok ama\u00e7l\u0131 bir lityum sabunlu grestir. M\u00fckemmel mekanik stabilite, oksidasyon direnci ve uzun servis \u00f6mr\u00fc sunar.<\/p>\n<p data-start=\"243\" data-end=\"308\">Performance Level:<br data-start=\"263\" data-end=\"266\" \/>NLGI 2 \/ ISO-L-XCCHB 2 \/ DIN 51502 KP2N-30<\/p>\n<p data-start=\"310\" data-end=\"384\">\u00c7al\u0131\u015fma S\u0131cakl\u0131\u011f\u0131:<br data-start=\"328\" data-end=\"331\" \/>\u201330\u00b0C ila +130\u00b0C (k\u0131sa s\u00fcreli olarak +150\u00b0C\u2019ye kadar)<\/p>\n<p data-start=\"386\" data-end=\"529\">Uygulama Alanlar\u0131:<br data-start=\"404\" data-end=\"407\" \/>Ara\u00e7lar ve end\u00fcstriyel makinelerde tekerlek rulmanlar\u0131, \u015fasi, elektrik motorlar\u0131 ve kardan mafsallar\u0131 i\u00e7in tavsiye edilir.<\/p>\n<p data-start=\"531\" data-end=\"666\" data-is-last-node=\"\" data-is-only-node=\"\">Terms of Use:<br data-start=\"550\" data-end=\"553\" \/>Y\u00fcksek s\u0131cakl\u0131klarda dahi \u00fcst\u00fcn a\u015f\u0131nma korumas\u0131, d\u00fc\u015f\u00fck g\u00fcr\u00fclt\u00fcl\u00fc \u00e7al\u0131\u015fma ve metal y\u00fczeylere g\u00fc\u00e7l\u00fc yap\u0131\u015fma sa\u011flar.<\/p>","protected":false},"excerpt":{"rendered":"<p>ROUTE LITHIUM EP2, otomotiv ve end\u00fcstriyel uygulamalar i\u00e7in EP (A\u015f\u0131r\u0131 Bas\u0131n\u00e7) katk\u0131lar\u0131yla form\u00fcle edilmi\u015f, y\u00fcksek performansl\u0131, \u00e7ok ama\u00e7l\u0131 bir lityum sabunlu grestir. M\u00fckemmel mekanik stabilite, oksidasyon direnci ve uzun servis \u00f6mr\u00fc sunar.<\/p>","protected":false},"featured_media":29912,"template":"","meta":[],"product_brand":[92],"product_cat":[102],"product_tag":[],"class_list":{"0":"post-3373","1":"product","2":"type-product","3":"status-publish","4":"has-post-thumbnail","6":"product_brand-route-lubricants","7":"product_cat-gres-yaglari-route-lubricants","9":"first","10":"instock","11":"shipping-taxable","12":"product-type-simple"},"_links":{"self":[{"href":"https:\/\/strongenerji.com\/en\/wp-json\/wp\/v2\/product\/3373","targetHints":{"allow":["GET"]}}],"collection":[{"href":"https:\/\/strongenerji.com\/en\/wp-json\/wp\/v2\/product"}],"about":[{"href":"https:\/\/strongenerji.com\/en\/wp-json\/wp\/v2\/types\/product"}],"version-history":[{"count":1,"href":"https:\/\/strongenerji.com\/en\/wp-json\/wp\/v2\/product\/3373\/revisions"}],"predecessor-version":[{"id":29913,"href":"https:\/\/strongenerji.com\/en\/wp-json\/wp\/v2\/product\/3373\/revisions\/29913"}],"wp:featuredmedia":[{"embeddable":true,"href":"https:\/\/strongenerji.com\/en\/wp-json\/wp\/v2\/media\/29912"}],"wp:attachment":[{"href":"https:\/\/strongenerji.com\/en\/wp-json\/wp\/v2\/media?parent=3373"}],"wp:term":[{"taxonomy":"product_brand","embeddable":true,"href":"https:\/\/strongenerji.com\/en\/wp-json\/wp\/v2\/product_brand?post=3373"},{"taxonomy":"product_cat","embeddable":true,"href":"https:\/\/strongenerji.com\/en\/wp-json\/wp\/v2\/product_cat?post=3373"},{"taxonomy":"product_tag","embeddable":true,"href":"https:\/\/strongenerji.com\/en\/wp-json\/wp\/v2\/product_tag?post=3373"}],"curies":[{"name":"wp","href":"https:\/\/api.w.org\/{rel}","templated":true}]}}