{"id":3370,"date":"2025-12-22T09:35:42","date_gmt":"2025-12-22T09:35:42","guid":{"rendered":"https:\/\/strongenerji.com\/?post_type=product&#038;p=3370"},"modified":"2025-12-22T11:20:49","modified_gmt":"2025-12-22T11:20:49","slug":"route-grease-calcium-ep2-14kg","status":"publish","type":"product","link":"https:\/\/strongenerji.com\/en\/product\/route-grease-calcium-ep2-14kg\/","title":{"rendered":"ROUTE GREASE CALCIUM EP2 14KG"},"content":{"rendered":"<p data-start=\"0\" data-end=\"250\">ROUTE CALCIUM EP2, nemli ve \u0131slak ortamlarda genel ya\u011flama i\u00e7in form\u00fcle edilmi\u015f, premium kalitede, suya dayan\u0131kl\u0131 kalsiyum bazl\u0131 bir grestir. M\u00fckemmel suyla y\u0131kanmaya kar\u015f\u0131 diren\u00e7, korozyon \u00f6nleyici \u00f6zellikler ve metal y\u00fczeylere g\u00fc\u00e7l\u00fc yap\u0131\u015fma sa\u011flar.<\/p>\n<p data-start=\"252\" data-end=\"355\">Performance Level:<br data-start=\"272\" data-end=\"275\" \/>NLGI 2 \/ ISO-L-XBAHB 2 \/ DIN 51502 KP2K-20<br data-start=\"317\" data-end=\"320\" \/>\u00c7al\u0131\u015fma S\u0131cakl\u0131\u011f\u0131: \u201320\u00b0C ila +120\u00b0C<\/p>\n<p data-start=\"357\" data-end=\"571\">Uygulama Alanlar\u0131:<br data-start=\"375\" data-end=\"378\" \/>Neme veya su s\u0131\u00e7ramas\u0131na maruz kalan \u015fasi par\u00e7alar\u0131, rulmanlar, su pompalar\u0131 ve tar\u0131m ekipmanlar\u0131 i\u00e7in tavsiye edilir. Tekneler, bal\u0131k\u00e7\u0131l\u0131k ekipmanlar\u0131 ve denizcilik uygulamalar\u0131 i\u00e7in idealdir.<\/p>\n<p data-start=\"573\" data-end=\"693\" data-is-last-node=\"\" data-is-only-node=\"\">Terms of Use:<br data-start=\"592\" data-end=\"595\" \/>Islak ve \u00e7amurlu ko\u015fullarda tutarl\u0131 ya\u011flama sa\u011flar, pas olu\u015fumunu \u00f6nler ve g\u00fcvenilir koruma sunar.<\/p>","protected":false},"excerpt":{"rendered":"<p>ROUTE CALCIUM EP2, nemli ve \u0131slak ortamlarda genel ya\u011flama i\u00e7in form\u00fcle edilmi\u015f, premium kalitede, suya dayan\u0131kl\u0131 kalsiyum bazl\u0131 bir grestir. M\u00fckemmel suyla y\u0131kanmaya kar\u015f\u0131 diren\u00e7, korozyon \u00f6nleyici \u00f6zellikler ve metal y\u00fczeylere g\u00fc\u00e7l\u00fc yap\u0131\u015fma sa\u011flar.<\/p>","protected":false},"featured_media":29910,"template":"","meta":[],"product_brand":[92],"product_cat":[102],"product_tag":[],"class_list":{"0":"post-3370","1":"product","2":"type-product","3":"status-publish","4":"has-post-thumbnail","6":"product_brand-route-lubricants","7":"product_cat-gres-yaglari-route-lubricants","9":"first","10":"instock","11":"shipping-taxable","12":"product-type-simple"},"_links":{"self":[{"href":"https:\/\/strongenerji.com\/en\/wp-json\/wp\/v2\/product\/3370","targetHints":{"allow":["GET"]}}],"collection":[{"href":"https:\/\/strongenerji.com\/en\/wp-json\/wp\/v2\/product"}],"about":[{"href":"https:\/\/strongenerji.com\/en\/wp-json\/wp\/v2\/types\/product"}],"version-history":[{"count":1,"href":"https:\/\/strongenerji.com\/en\/wp-json\/wp\/v2\/product\/3370\/revisions"}],"predecessor-version":[{"id":29911,"href":"https:\/\/strongenerji.com\/en\/wp-json\/wp\/v2\/product\/3370\/revisions\/29911"}],"wp:featuredmedia":[{"embeddable":true,"href":"https:\/\/strongenerji.com\/en\/wp-json\/wp\/v2\/media\/29910"}],"wp:attachment":[{"href":"https:\/\/strongenerji.com\/en\/wp-json\/wp\/v2\/media?parent=3370"}],"wp:term":[{"taxonomy":"product_brand","embeddable":true,"href":"https:\/\/strongenerji.com\/en\/wp-json\/wp\/v2\/product_brand?post=3370"},{"taxonomy":"product_cat","embeddable":true,"href":"https:\/\/strongenerji.com\/en\/wp-json\/wp\/v2\/product_cat?post=3370"},{"taxonomy":"product_tag","embeddable":true,"href":"https:\/\/strongenerji.com\/en\/wp-json\/wp\/v2\/product_tag?post=3370"}],"curies":[{"name":"wp","href":"https:\/\/api.w.org\/{rel}","templated":true}]}}