{"id":3367,"date":"2025-12-22T09:30:27","date_gmt":"2025-12-22T09:30:27","guid":{"rendered":"https:\/\/strongenerji.com\/?post_type=product&#038;p=3367"},"modified":"2025-12-22T11:22:13","modified_gmt":"2025-12-22T11:22:13","slug":"route-hydraulic-hlp-32","status":"publish","type":"product","link":"https:\/\/strongenerji.com\/en\/product\/route-hydraulic-hlp-32\/","title":{"rendered":"ROUTE HYDRAULIC HLP 32"},"content":{"rendered":"<p>ROUTE HLP 32, y\u00fcksek bas\u0131n\u00e7 ve s\u0131cakl\u0131k alt\u0131nda \u00e7al\u0131\u015fan y\u00fcksek performansl\u0131 hidrolik sistemler i\u00e7in tasarlanm\u0131\u015f y\u00fcksek kaliteli a\u015f\u0131nma \u00f6nleyici hidrolik ya\u011fd\u0131r. Birinci s\u0131n\u0131f baz ya\u011flar ve \u00e7inko bazl\u0131 a\u015f\u0131nma \u00f6nleyici katk\u0131 maddeleri ile form\u00fcle edilmi\u015f olup, ola\u011fan\u00fcst\u00fc ya\u011flama, oksidasyon kararl\u0131l\u0131\u011f\u0131 ve pas korumas\u0131 sa\u011flar.<br \/>\nPerformance Level:<br \/>\nDIN 51524 B\u00f6l\u00fcm 2 (HLP)<br \/>\nISO 11158 HM \/ AFNOR NF E 48-603 HM<br \/>\nDenison HF-0 \/ HF-1 \/ HF-2 \/ Cincinnati Milacron P-68<br \/>\nUygulama: HLP s\u0131n\u0131f\u0131 ya\u011flar gerektiren end\u00fcstriyel makineler, enjeksiyon kal\u0131plama ve mobil ekipmanlardaki hidrolik sistemler i\u00e7in \u00f6nerilir.<br \/>\nKullan\u0131m Ko\u015fullar\u0131: Y\u00fcksek h\u0131zl\u0131 hidrolik pompalar ve servo sistemler i\u00e7in idealdir. Sorunsuz \u00e7al\u0131\u015fma, uzun ya\u011f \u00f6mr\u00fc ve daha az bak\u0131m kesintisi sa\u011flar.<\/p>","protected":false},"excerpt":{"rendered":"<p>ROUTE HLP 32, y\u00fcksek bas\u0131n\u00e7 ve s\u0131cakl\u0131k alt\u0131nda \u00e7al\u0131\u015fan y\u00fcksek performansl\u0131 hidrolik sistemler i\u00e7in tasarlanm\u0131\u015f y\u00fcksek kaliteli a\u015f\u0131nma \u00f6nleyici hidrolik ya\u011fd\u0131r. Birinci s\u0131n\u0131f baz ya\u011flar ve \u00e7inko bazl\u0131 a\u015f\u0131nma \u00f6nleyici katk\u0131 maddeleri ile form\u00fcle edilmi\u015f olup, ola\u011fan\u00fcst\u00fc ya\u011flama, oksidasyon kararl\u0131l\u0131\u011f\u0131 ve pas korumas\u0131 sa\u011flar.<\/p>","protected":false},"featured_media":29908,"template":"","meta":[],"product_brand":[92],"product_cat":[103,74],"product_tag":[],"class_list":{"0":"post-3367","1":"product","2":"type-product","3":"status-publish","4":"has-post-thumbnail","6":"product_brand-route-lubricants","7":"product_cat-hidrolik-yaglar-route-lubricants","8":"product_cat-route-lubricants","10":"first","11":"instock","12":"shipping-taxable","13":"product-type-simple"},"_links":{"self":[{"href":"https:\/\/strongenerji.com\/en\/wp-json\/wp\/v2\/product\/3367","targetHints":{"allow":["GET"]}}],"collection":[{"href":"https:\/\/strongenerji.com\/en\/wp-json\/wp\/v2\/product"}],"about":[{"href":"https:\/\/strongenerji.com\/en\/wp-json\/wp\/v2\/types\/product"}],"version-history":[{"count":1,"href":"https:\/\/strongenerji.com\/en\/wp-json\/wp\/v2\/product\/3367\/revisions"}],"predecessor-version":[{"id":29909,"href":"https:\/\/strongenerji.com\/en\/wp-json\/wp\/v2\/product\/3367\/revisions\/29909"}],"wp:featuredmedia":[{"embeddable":true,"href":"https:\/\/strongenerji.com\/en\/wp-json\/wp\/v2\/media\/29908"}],"wp:attachment":[{"href":"https:\/\/strongenerji.com\/en\/wp-json\/wp\/v2\/media?parent=3367"}],"wp:term":[{"taxonomy":"product_brand","embeddable":true,"href":"https:\/\/strongenerji.com\/en\/wp-json\/wp\/v2\/product_brand?post=3367"},{"taxonomy":"product_cat","embeddable":true,"href":"https:\/\/strongenerji.com\/en\/wp-json\/wp\/v2\/product_cat?post=3367"},{"taxonomy":"product_tag","embeddable":true,"href":"https:\/\/strongenerji.com\/en\/wp-json\/wp\/v2\/product_tag?post=3367"}],"curies":[{"name":"wp","href":"https:\/\/api.w.org\/{rel}","templated":true}]}}