{"id":3364,"date":"2025-12-22T09:23:40","date_gmt":"2025-12-22T09:23:40","guid":{"rendered":"https:\/\/strongenerji.com\/?post_type=product&#038;p=3364"},"modified":"2025-12-22T11:22:13","modified_gmt":"2025-12-22T11:22:13","slug":"route-hydraulic-hlp-46","status":"publish","type":"product","link":"https:\/\/strongenerji.com\/en\/product\/route-hydraulic-hlp-46\/","title":{"rendered":"ROUTE HYDRAULIC HLP 46"},"content":{"rendered":"<p>ROUTE HLP 46, orta ve y\u00fcksek bas\u0131n\u00e7l\u0131 hidrolik sistemler i\u00e7in ola\u011fan\u00fcst\u00fc koruma ve oksidasyon direnci sa\u011flar. Y\u00fcksek y\u00fck ve s\u0131cakl\u0131k alt\u0131nda bile m\u00fckemmel ya\u011flama filmi sa\u011flar, a\u015f\u0131nmay\u0131 azalt\u0131r ve ekipman \u00f6mr\u00fcn\u00fc uzat\u0131r.<br \/>\nPerformance Level:<br \/>\nDIN 51524 B\u00f6l\u00fcm 2 (HLP)<br \/>\nISO 11158 HM \/ Denison HF-0 \/ HF-1 \/ HF-2<br \/>\nVickers I-286-S \/ M-2950-S \/ Bosch Rexroth RD 90220<br \/>\nUygulama: \u0130n\u015faat, denizcilik ve end\u00fcstriyel uygulamalardaki hidrolik ve sirk\u00fclasyon sistemleri i\u00e7in uygundur.<br \/>\nKullan\u0131m Ko\u015fullar\u0131: Kararl\u0131 viskozite, so\u011fuk ko\u015fullarda g\u00fcvenilir \u00e7al\u0131\u015ft\u0131rma ve m\u00fckemmel su ay\u0131rma \u00f6zellikleri sa\u011flar.<\/p>","protected":false},"excerpt":{"rendered":"<p>ROUTE HLP 46, orta ve y\u00fcksek bas\u0131n\u00e7l\u0131 hidrolik sistemler i\u00e7in ola\u011fan\u00fcst\u00fc koruma ve oksidasyon direnci sa\u011flar. Y\u00fcksek y\u00fck ve s\u0131cakl\u0131k alt\u0131nda bile m\u00fckemmel ya\u011flama filmi sa\u011flar, a\u015f\u0131nmay\u0131 azalt\u0131r ve ekipman \u00f6mr\u00fcn\u00fc uzat\u0131r.<\/p>","protected":false},"featured_media":29906,"template":"","meta":[],"product_brand":[92],"product_cat":[103,74],"product_tag":[],"class_list":{"0":"post-3364","1":"product","2":"type-product","3":"status-publish","4":"has-post-thumbnail","6":"product_brand-route-lubricants","7":"product_cat-hidrolik-yaglar-route-lubricants","8":"product_cat-route-lubricants","10":"first","11":"instock","12":"shipping-taxable","13":"product-type-simple"},"_links":{"self":[{"href":"https:\/\/strongenerji.com\/en\/wp-json\/wp\/v2\/product\/3364","targetHints":{"allow":["GET"]}}],"collection":[{"href":"https:\/\/strongenerji.com\/en\/wp-json\/wp\/v2\/product"}],"about":[{"href":"https:\/\/strongenerji.com\/en\/wp-json\/wp\/v2\/types\/product"}],"version-history":[{"count":1,"href":"https:\/\/strongenerji.com\/en\/wp-json\/wp\/v2\/product\/3364\/revisions"}],"predecessor-version":[{"id":29907,"href":"https:\/\/strongenerji.com\/en\/wp-json\/wp\/v2\/product\/3364\/revisions\/29907"}],"wp:featuredmedia":[{"embeddable":true,"href":"https:\/\/strongenerji.com\/en\/wp-json\/wp\/v2\/media\/29906"}],"wp:attachment":[{"href":"https:\/\/strongenerji.com\/en\/wp-json\/wp\/v2\/media?parent=3364"}],"wp:term":[{"taxonomy":"product_brand","embeddable":true,"href":"https:\/\/strongenerji.com\/en\/wp-json\/wp\/v2\/product_brand?post=3364"},{"taxonomy":"product_cat","embeddable":true,"href":"https:\/\/strongenerji.com\/en\/wp-json\/wp\/v2\/product_cat?post=3364"},{"taxonomy":"product_tag","embeddable":true,"href":"https:\/\/strongenerji.com\/en\/wp-json\/wp\/v2\/product_tag?post=3364"}],"curies":[{"name":"wp","href":"https:\/\/api.w.org\/{rel}","templated":true}]}}