{"id":3361,"date":"2025-12-22T09:19:16","date_gmt":"2025-12-22T09:19:16","guid":{"rendered":"https:\/\/strongenerji.com\/?post_type=product&#038;p=3361"},"modified":"2025-12-22T11:15:57","modified_gmt":"2025-12-22T11:15:57","slug":"route-10w-40-4t-1l","status":"publish","type":"product","link":"https:\/\/strongenerji.com\/en\/product\/route-10w-40-4t-1l\/","title":{"rendered":"ROUTE 10W-40 4T 1L"},"content":{"rendered":"<p>ROUTE 10W-40 4T, 4 zamanl\u0131 motosikletler i\u00e7in geli\u015fmi\u015f SYNTHITEC teknolojisi ile form\u00fcle edilmi\u015f y\u00fcksek performansl\u0131 bir motosiklet motor ya\u011f\u0131d\u0131r. Y\u00fcksek devir ve s\u0131cakl\u0131kta sorunsuz debriyaj kavrama, g\u00fc\u00e7l\u00fc film mukavemeti ve ola\u011fan\u00fcst\u00fc motor korumas\u0131 sa\u011flar.<br \/>\nPerformance Level:<br \/>\nAPI SN \/ JASO MA2<br \/>\nHonda, Yamaha, Suzuki, Kawasaki ve Bajaj motosikletlerinin gereksinimlerini kar\u015f\u0131lar<br \/>\nUygulama: Islak veya kuru debriyaj sistemlerine sahip modern 4 zamanl\u0131 motosikletler i\u00e7in. A\u015f\u0131r\u0131 s\u00fcr\u00fc\u015f ko\u015fullar\u0131nda m\u00fckemmel kesme kararl\u0131l\u0131\u011f\u0131 ve daha uzun ya\u011f \u00f6mr\u00fc sa\u011flar.<br \/>\nKullan\u0131m Ko\u015fullar\u0131: Spor, tur ve g\u00fcnl\u00fck i\u015fe gidip gelme ama\u00e7l\u0131 motosikletlerde y\u0131l boyunca kullan\u0131m i\u00e7in idealdir. Motor g\u00fcr\u00fclt\u00fcs\u00fcn\u00fc azalt\u0131r ve sorunsuz h\u0131zlanma sa\u011flar.<\/p>","protected":false},"excerpt":{"rendered":"<p>ROUTE 10W-40 4T, 4 zamanl\u0131 motosikletler i\u00e7in geli\u015fmi\u015f SYNTHITEC teknolojisi ile form\u00fcle edilmi\u015f y\u00fcksek performansl\u0131 bir motosiklet motor ya\u011f\u0131d\u0131r. Y\u00fcksek devir ve s\u0131cakl\u0131kta sorunsuz debriyaj kavrama, g\u00fc\u00e7l\u00fc film mukavemeti ve ola\u011fan\u00fcst\u00fc motor korumas\u0131 sa\u011flar.<\/p>","protected":false},"featured_media":29904,"template":"","meta":[],"product_brand":[],"product_cat":[77],"product_tag":[],"class_list":{"0":"post-3361","1":"product","2":"type-product","3":"status-publish","4":"has-post-thumbnail","6":"product_cat-motosiklet-yaglari-route-lubricants","8":"first","9":"instock","10":"shipping-taxable","11":"product-type-simple"},"_links":{"self":[{"href":"https:\/\/strongenerji.com\/en\/wp-json\/wp\/v2\/product\/3361","targetHints":{"allow":["GET"]}}],"collection":[{"href":"https:\/\/strongenerji.com\/en\/wp-json\/wp\/v2\/product"}],"about":[{"href":"https:\/\/strongenerji.com\/en\/wp-json\/wp\/v2\/types\/product"}],"version-history":[{"count":1,"href":"https:\/\/strongenerji.com\/en\/wp-json\/wp\/v2\/product\/3361\/revisions"}],"predecessor-version":[{"id":29905,"href":"https:\/\/strongenerji.com\/en\/wp-json\/wp\/v2\/product\/3361\/revisions\/29905"}],"wp:featuredmedia":[{"embeddable":true,"href":"https:\/\/strongenerji.com\/en\/wp-json\/wp\/v2\/media\/29904"}],"wp:attachment":[{"href":"https:\/\/strongenerji.com\/en\/wp-json\/wp\/v2\/media?parent=3361"}],"wp:term":[{"taxonomy":"product_brand","embeddable":true,"href":"https:\/\/strongenerji.com\/en\/wp-json\/wp\/v2\/product_brand?post=3361"},{"taxonomy":"product_cat","embeddable":true,"href":"https:\/\/strongenerji.com\/en\/wp-json\/wp\/v2\/product_cat?post=3361"},{"taxonomy":"product_tag","embeddable":true,"href":"https:\/\/strongenerji.com\/en\/wp-json\/wp\/v2\/product_tag?post=3361"}],"curies":[{"name":"wp","href":"https:\/\/api.w.org\/{rel}","templated":true}]}}