{"id":3358,"date":"2025-12-22T09:17:18","date_gmt":"2025-12-22T09:17:18","guid":{"rendered":"https:\/\/strongenerji.com\/?post_type=product&#038;p=3358"},"modified":"2025-12-22T11:15:57","modified_gmt":"2025-12-22T11:15:57","slug":"route-10w-40-scooter-1l","status":"publish","type":"product","link":"https:\/\/strongenerji.com\/en\/product\/route-10w-40-scooter-1l\/","title":{"rendered":"ROUTE 10W-40 SCOOTER 1L"},"content":{"rendered":"<p>ROUTE 10W-40 SCOOTER, otomatik ve CVT scooterlar i\u00e7in \u00f6zel olarak geli\u015ftirilmi\u015f birinci s\u0131n\u0131f sentetik kar\u0131\u015f\u0131ml\u0131 motor ya\u011f\u0131d\u0131r. \u015eehir i\u00e7i dur-kalk s\u00fcr\u00fc\u015fleri i\u00e7in \u00fcst\u00fcn oksidasyon direnci, m\u00fckemmel temizlik ve termal stabilite sa\u011flar.<br \/>\nPerformance Level:<br \/>\nAPI SL \/ JASO MB<br \/>\nYamaha, Honda ve Kymco scooterlar\u0131n gereksinimlerini kar\u015f\u0131lar<br \/>\nUygulama: CVT \u015fanz\u0131man sistemlerine sahip modern scooterlar i\u00e7in tasarlanm\u0131\u015ft\u0131r. Debriyaj kaymas\u0131n\u0131 azalt\u0131r ve sessiz \u00e7al\u0131\u015fmay\u0131 sa\u011flar.<br \/>\nKullan\u0131m Ko\u015fullar\u0131: \u015eehir i\u00e7i s\u00fcr\u00fc\u015f ve s\u0131k s\u0131k dur-kalk ko\u015fullar\u0131 i\u00e7in idealdir. Yak\u0131t verimlili\u011fi ve uzun motor \u00f6mr\u00fc sa\u011flar.<\/p>","protected":false},"excerpt":{"rendered":"<p>ROUTE 10W-40 SCOOTER, otomatik ve CVT scooterlar i\u00e7in \u00f6zel olarak geli\u015ftirilmi\u015f birinci s\u0131n\u0131f sentetik kar\u0131\u015f\u0131ml\u0131 motor ya\u011f\u0131d\u0131r. \u015eehir i\u00e7i dur-kalk s\u00fcr\u00fc\u015fleri i\u00e7in \u00fcst\u00fcn oksidasyon direnci, m\u00fckemmel temizlik ve termal stabilite sa\u011flar.<\/p>","protected":false},"featured_media":29902,"template":"","meta":[],"product_brand":[],"product_cat":[77],"product_tag":[],"class_list":{"0":"post-3358","1":"product","2":"type-product","3":"status-publish","4":"has-post-thumbnail","6":"product_cat-motosiklet-yaglari-route-lubricants","8":"first","9":"instock","10":"shipping-taxable","11":"product-type-simple"},"_links":{"self":[{"href":"https:\/\/strongenerji.com\/en\/wp-json\/wp\/v2\/product\/3358","targetHints":{"allow":["GET"]}}],"collection":[{"href":"https:\/\/strongenerji.com\/en\/wp-json\/wp\/v2\/product"}],"about":[{"href":"https:\/\/strongenerji.com\/en\/wp-json\/wp\/v2\/types\/product"}],"version-history":[{"count":1,"href":"https:\/\/strongenerji.com\/en\/wp-json\/wp\/v2\/product\/3358\/revisions"}],"predecessor-version":[{"id":29903,"href":"https:\/\/strongenerji.com\/en\/wp-json\/wp\/v2\/product\/3358\/revisions\/29903"}],"wp:featuredmedia":[{"embeddable":true,"href":"https:\/\/strongenerji.com\/en\/wp-json\/wp\/v2\/media\/29902"}],"wp:attachment":[{"href":"https:\/\/strongenerji.com\/en\/wp-json\/wp\/v2\/media?parent=3358"}],"wp:term":[{"taxonomy":"product_brand","embeddable":true,"href":"https:\/\/strongenerji.com\/en\/wp-json\/wp\/v2\/product_brand?post=3358"},{"taxonomy":"product_cat","embeddable":true,"href":"https:\/\/strongenerji.com\/en\/wp-json\/wp\/v2\/product_cat?post=3358"},{"taxonomy":"product_tag","embeddable":true,"href":"https:\/\/strongenerji.com\/en\/wp-json\/wp\/v2\/product_tag?post=3358"}],"curies":[{"name":"wp","href":"https:\/\/api.w.org\/{rel}","templated":true}]}}