{"id":3355,"date":"2025-12-22T09:15:09","date_gmt":"2025-12-22T09:15:09","guid":{"rendered":"https:\/\/strongenerji.com\/?post_type=product&#038;p=3355"},"modified":"2025-12-22T11:15:58","modified_gmt":"2025-12-22T11:15:58","slug":"route-15w-40-4t-1l","status":"publish","type":"product","link":"https:\/\/strongenerji.com\/en\/product\/route-15w-40-4t-1l\/","title":{"rendered":"ROUTE 15W-40 4T 1L"},"content":{"rendered":"<p>ROUTE 15W-40 4T, standart ve \u015fehir i\u00e7i motosikletler i\u00e7in y\u00fcksek kaliteli bir motor ya\u011f\u0131d\u0131r. Uzun motor \u00f6mr\u00fc ve sorunsuz performans i\u00e7in m\u00fckemmel a\u015f\u0131nma korumas\u0131 ve temizleme \u00f6zelli\u011fi sunar.<br \/>\nPerformance Level:<br \/>\nAPI SL \/ JASO MA2<br \/>\nHonda, Yamaha, TVS ve Hero motosikletlerinin gereksinimlerini kar\u015f\u0131lar<br \/>\nUygulama: G\u00fcnl\u00fck kullan\u0131m ve kar\u0131\u015f\u0131k s\u00fcr\u00fc\u015f ko\u015fullar\u0131 i\u00e7in. Y\u00fcksek s\u0131cakl\u0131klarda bile temiz motor \u00e7al\u0131\u015fmas\u0131 ve optimum ya\u011flama sa\u011flar.<br \/>\nKullan\u0131m Ko\u015fullar\u0131: T\u00fcm mevsimler i\u00e7in uygundur. \u015eehir ve otoyol s\u00fcr\u00fc\u015flerinde stabil viskozite ve geli\u015fmi\u015f yak\u0131t verimlili\u011fi sa\u011flar.<\/p>","protected":false},"excerpt":{"rendered":"<p>ROUTE 15W-40 4T, standart ve \u015fehir i\u00e7i motosikletler i\u00e7in y\u00fcksek kaliteli bir motor ya\u011f\u0131d\u0131r. Uzun motor \u00f6mr\u00fc ve sorunsuz performans i\u00e7in m\u00fckemmel a\u015f\u0131nma korumas\u0131 ve temizleme \u00f6zelli\u011fi sunar.<\/p>","protected":false},"featured_media":29900,"template":"","meta":[],"product_brand":[],"product_cat":[77],"product_tag":[],"class_list":{"0":"post-3355","1":"product","2":"type-product","3":"status-publish","4":"has-post-thumbnail","6":"product_cat-motosiklet-yaglari-route-lubricants","8":"first","9":"instock","10":"shipping-taxable","11":"product-type-simple"},"_links":{"self":[{"href":"https:\/\/strongenerji.com\/en\/wp-json\/wp\/v2\/product\/3355","targetHints":{"allow":["GET"]}}],"collection":[{"href":"https:\/\/strongenerji.com\/en\/wp-json\/wp\/v2\/product"}],"about":[{"href":"https:\/\/strongenerji.com\/en\/wp-json\/wp\/v2\/types\/product"}],"version-history":[{"count":1,"href":"https:\/\/strongenerji.com\/en\/wp-json\/wp\/v2\/product\/3355\/revisions"}],"predecessor-version":[{"id":29901,"href":"https:\/\/strongenerji.com\/en\/wp-json\/wp\/v2\/product\/3355\/revisions\/29901"}],"wp:featuredmedia":[{"embeddable":true,"href":"https:\/\/strongenerji.com\/en\/wp-json\/wp\/v2\/media\/29900"}],"wp:attachment":[{"href":"https:\/\/strongenerji.com\/en\/wp-json\/wp\/v2\/media?parent=3355"}],"wp:term":[{"taxonomy":"product_brand","embeddable":true,"href":"https:\/\/strongenerji.com\/en\/wp-json\/wp\/v2\/product_brand?post=3355"},{"taxonomy":"product_cat","embeddable":true,"href":"https:\/\/strongenerji.com\/en\/wp-json\/wp\/v2\/product_cat?post=3355"},{"taxonomy":"product_tag","embeddable":true,"href":"https:\/\/strongenerji.com\/en\/wp-json\/wp\/v2\/product_tag?post=3355"}],"curies":[{"name":"wp","href":"https:\/\/api.w.org\/{rel}","templated":true}]}}