{"id":3352,"date":"2025-12-22T09:12:29","date_gmt":"2025-12-22T09:12:29","guid":{"rendered":"https:\/\/strongenerji.com\/?post_type=product&#038;p=3352"},"modified":"2025-12-22T11:17:25","modified_gmt":"2025-12-22T11:17:25","slug":"route-atf-dexron-ii-1l","status":"publish","type":"product","link":"https:\/\/strongenerji.com\/en\/product\/route-atf-dexron-ii-1l\/","title":{"rendered":"ROUTE ATF DEXRON II 1L"},"content":{"rendered":"<p>ROUTE ATF DEXRON II, eski nesil GM, Ford ve Avrupa ara\u00e7lar\u0131 i\u00e7in tasarlanm\u0131\u015f y\u00fcksek kaliteli bir otomatik \u015fanz\u0131man ya\u011f\u0131d\u0131r. Otomatik \u015fanz\u0131manlarda ve hidrolik sistemlerde m\u00fckemmel oksidasyon stabilitesi, korozyon korumas\u0131 ve yumu\u015fak vites ge\u00e7i\u015fi sa\u011flar.<br \/>\nPerformance Level:<br \/>\nGM DEXRON II-D \/ E<br \/>\nFord MERCON<br \/>\nAllison C-4 \/ CAT TO-2 \/ MB 236.5 \/ MAN 339 Tip V1<br \/>\nUygulama: DEXRON II spesifikasyonu gerektiren otomatik \u015fanz\u0131manlar, tork konvert\u00f6rleri, hidrolik direksiyon sistemleri ve hidrolik devreler i\u00e7in \u00f6nerilir.<br \/>\nKullan\u0131m Ko\u015fullar\u0131: Y\u00fcksek s\u0131cakl\u0131kta \u00e7al\u0131\u015fmada bile kararl\u0131 viskozite, yumu\u015fak vites ge\u00e7i\u015fi ve tutarl\u0131 s\u00fcrt\u00fcnme performans\u0131 sa\u011flar.<\/p>","protected":false},"excerpt":{"rendered":"<p>ROUTE ATF DEXRON II, eski nesil GM, Ford ve Avrupa ara\u00e7lar\u0131 i\u00e7in tasarlanm\u0131\u015f y\u00fcksek kaliteli bir otomatik \u015fanz\u0131man ya\u011f\u0131d\u0131r. Otomatik \u015fanz\u0131manlarda ve hidrolik sistemlerde m\u00fckemmel oksidasyon stabilitesi, korozyon korumas\u0131 ve yumu\u015fak vites ge\u00e7i\u015fi sa\u011flar.<\/p>","protected":false},"featured_media":29898,"template":"","meta":[],"product_brand":[92],"product_cat":[74,79],"product_tag":[],"class_list":{"0":"post-3352","1":"product","2":"type-product","3":"status-publish","4":"has-post-thumbnail","6":"product_brand-route-lubricants","7":"product_cat-route-lubricants","8":"product_cat-otomatik-sanziman-yaglari","10":"first","11":"instock","12":"shipping-taxable","13":"product-type-simple"},"_links":{"self":[{"href":"https:\/\/strongenerji.com\/en\/wp-json\/wp\/v2\/product\/3352","targetHints":{"allow":["GET"]}}],"collection":[{"href":"https:\/\/strongenerji.com\/en\/wp-json\/wp\/v2\/product"}],"about":[{"href":"https:\/\/strongenerji.com\/en\/wp-json\/wp\/v2\/types\/product"}],"version-history":[{"count":1,"href":"https:\/\/strongenerji.com\/en\/wp-json\/wp\/v2\/product\/3352\/revisions"}],"predecessor-version":[{"id":29899,"href":"https:\/\/strongenerji.com\/en\/wp-json\/wp\/v2\/product\/3352\/revisions\/29899"}],"wp:featuredmedia":[{"embeddable":true,"href":"https:\/\/strongenerji.com\/en\/wp-json\/wp\/v2\/media\/29898"}],"wp:attachment":[{"href":"https:\/\/strongenerji.com\/en\/wp-json\/wp\/v2\/media?parent=3352"}],"wp:term":[{"taxonomy":"product_brand","embeddable":true,"href":"https:\/\/strongenerji.com\/en\/wp-json\/wp\/v2\/product_brand?post=3352"},{"taxonomy":"product_cat","embeddable":true,"href":"https:\/\/strongenerji.com\/en\/wp-json\/wp\/v2\/product_cat?post=3352"},{"taxonomy":"product_tag","embeddable":true,"href":"https:\/\/strongenerji.com\/en\/wp-json\/wp\/v2\/product_tag?post=3352"}],"curies":[{"name":"wp","href":"https:\/\/api.w.org\/{rel}","templated":true}]}}