{"id":3349,"date":"2025-12-22T09:10:18","date_gmt":"2025-12-22T09:10:18","guid":{"rendered":"https:\/\/strongenerji.com\/?post_type=product&#038;p=3349"},"modified":"2025-12-22T11:17:25","modified_gmt":"2025-12-22T11:17:25","slug":"route-atf-iv-1l","status":"publish","type":"product","link":"https:\/\/strongenerji.com\/en\/product\/route-atf-iv-1l\/","title":{"rendered":"ROUTE ATF IV 1L"},"content":{"rendered":"<p>ROUTE ATF IV, ATF+4 spesifikasyonu gerektiren Chrysler, Jeep ve Dodge ara\u00e7lar\u0131 i\u00e7in tasarlanm\u0131\u015f y\u00fcksek performansl\u0131 sentetik \u015fanz\u0131man ya\u011f\u0131d\u0131r. Ola\u011fan\u00fcst\u00fc termal stabilite, yumu\u015fak vites ge\u00e7i\u015fi ve oksidasyon ve k\u00f6p\u00fcrmeye kar\u015f\u0131 m\u00fckemmel koruma sa\u011flar.<br \/>\nPerformance Level:<br \/>\nChrysler ATF+4 \/ MS-9602<br \/>\nFord M2C922-A1 \/ Allison C-4<br \/>\nHidrolik direksiyon ve belirli hidrolik uygulamalarda kullan\u0131ma uygundur.<br \/>\nUygulama: ATF+4 tipi s\u0131v\u0131 gerektiren otomatik \u015fanz\u0131manlar i\u00e7in \u00f6nerilir, yumu\u015fak vites ge\u00e7i\u015fleri ve uzun bile\u015fen \u00f6mr\u00fc sa\u011flar.<br \/>\nKullan\u0131m Ko\u015fullar\u0131: T\u00fcm mevsimlerde kullan\u0131m i\u00e7in idealdir. Y\u00fcksek y\u00fckler alt\u0131nda stabil viskozite ve tutarl\u0131 s\u00fcrt\u00fcnme \u00f6zelliklerini korur.<\/p>","protected":false},"excerpt":{"rendered":"<p>ROUTE ATF IV, ATF+4 spesifikasyonu gerektiren Chrysler, Jeep ve Dodge ara\u00e7lar\u0131 i\u00e7in tasarlanm\u0131\u015f y\u00fcksek performansl\u0131 sentetik \u015fanz\u0131man ya\u011f\u0131d\u0131r. Ola\u011fan\u00fcst\u00fc termal stabilite, yumu\u015fak vites ge\u00e7i\u015fi ve oksidasyon ve k\u00f6p\u00fcrmeye kar\u015f\u0131 m\u00fckemmel koruma sa\u011flar.<\/p>","protected":false},"featured_media":29896,"template":"","meta":[],"product_brand":[92],"product_cat":[74,79],"product_tag":[],"class_list":{"0":"post-3349","1":"product","2":"type-product","3":"status-publish","4":"has-post-thumbnail","6":"product_brand-route-lubricants","7":"product_cat-route-lubricants","8":"product_cat-otomatik-sanziman-yaglari","10":"first","11":"instock","12":"shipping-taxable","13":"product-type-simple"},"_links":{"self":[{"href":"https:\/\/strongenerji.com\/en\/wp-json\/wp\/v2\/product\/3349","targetHints":{"allow":["GET"]}}],"collection":[{"href":"https:\/\/strongenerji.com\/en\/wp-json\/wp\/v2\/product"}],"about":[{"href":"https:\/\/strongenerji.com\/en\/wp-json\/wp\/v2\/types\/product"}],"version-history":[{"count":1,"href":"https:\/\/strongenerji.com\/en\/wp-json\/wp\/v2\/product\/3349\/revisions"}],"predecessor-version":[{"id":29897,"href":"https:\/\/strongenerji.com\/en\/wp-json\/wp\/v2\/product\/3349\/revisions\/29897"}],"wp:featuredmedia":[{"embeddable":true,"href":"https:\/\/strongenerji.com\/en\/wp-json\/wp\/v2\/media\/29896"}],"wp:attachment":[{"href":"https:\/\/strongenerji.com\/en\/wp-json\/wp\/v2\/media?parent=3349"}],"wp:term":[{"taxonomy":"product_brand","embeddable":true,"href":"https:\/\/strongenerji.com\/en\/wp-json\/wp\/v2\/product_brand?post=3349"},{"taxonomy":"product_cat","embeddable":true,"href":"https:\/\/strongenerji.com\/en\/wp-json\/wp\/v2\/product_cat?post=3349"},{"taxonomy":"product_tag","embeddable":true,"href":"https:\/\/strongenerji.com\/en\/wp-json\/wp\/v2\/product_tag?post=3349"}],"curies":[{"name":"wp","href":"https:\/\/api.w.org\/{rel}","templated":true}]}}