{"id":3346,"date":"2025-12-22T09:02:41","date_gmt":"2025-12-22T09:02:41","guid":{"rendered":"https:\/\/strongenerji.com\/?post_type=product&#038;p=3346"},"modified":"2025-12-22T11:29:03","modified_gmt":"2025-12-22T11:29:03","slug":"route-20w-50-sl-cf-1l","status":"publish","type":"product","link":"https:\/\/strongenerji.com\/en\/product\/route-20w-50-sl-cf-1l\/","title":{"rendered":"ROUTE 20W-50 SL\/CF 1L"},"content":{"rendered":"<p>ROUTE 20W-50 SL\/CF, eski nesil ve y\u00fcksek kilometreli benzinli ve dizel motorlar i\u00e7in tasarlanm\u0131\u015f, sa\u011flam, y\u00fcksek viskoziteli bir motor ya\u011f\u0131d\u0131r. S\u0131cak iklimlerde veya y\u00fcksek y\u00fck ko\u015fullar\u0131nda bile m\u00fckemmel film mukavemeti, termal stabilite ve a\u015f\u0131nma, birikinti ve ya\u011f oksidasyonuna kar\u015f\u0131 \u00fcst\u00fcn koruma sa\u011flar.<br \/>\nPerformance Level:<br \/>\nAPI SL \/ CF<br \/>\nACEA A3\/B3<br \/>\nMB 229.1 \/ VW 501.01 \/ 505.00 \/ Caterpillar TO-2 \/ MIL-L-2104E standartlar\u0131n\u0131 kar\u015f\u0131lar<br \/>\nUygulama: Eski model ara\u00e7lar, ticari filolar ve 20W-50 s\u0131n\u0131f\u0131n\u0131n belirtildi\u011fi y\u00fcksek s\u0131cakl\u0131kta \u00e7al\u0131\u015fma ko\u015fullar\u0131 i\u00e7in \u00f6nerilir. A\u015f\u0131nm\u0131\u015f motorlarda sabit ya\u011f bas\u0131nc\u0131, azalt\u0131lm\u0131\u015f motor g\u00fcr\u00fclt\u00fcs\u00fc ve iyile\u015ftirilmi\u015f s\u0131zd\u0131rmazl\u0131k performans\u0131 sa\u011flar.<br \/>\nKullan\u0131m Ko\u015fullar\u0131: S\u0131cak iklimler ve a\u011f\u0131r hizmet s\u00fcr\u00fc\u015fleri i\u00e7in uygundur. Oksidasyon, korozyon ve \u00e7amur olu\u015fumuna kar\u015f\u0131 m\u00fckemmel koruma sa\u011flar, motor \u00f6mr\u00fcn\u00fc uzat\u0131r ve performans istikrar\u0131n\u0131 korur.<\/p>","protected":false},"excerpt":{"rendered":"<p>ROUTE 20W-50 SL\/CF, eski nesil ve y\u00fcksek kilometreli benzinli ve dizel motorlar i\u00e7in tasarlanm\u0131\u015f, sa\u011flam, y\u00fcksek viskoziteli bir motor ya\u011f\u0131d\u0131r. S\u0131cak iklimlerde veya y\u00fcksek y\u00fck ko\u015fullar\u0131nda bile m\u00fckemmel film mukavemeti, termal stabilite ve a\u015f\u0131nma, birikinti ve ya\u011f oksidasyonuna kar\u015f\u0131 \u00fcst\u00fcn koruma sa\u011flar.<\/p>","protected":false},"featured_media":29894,"template":"","meta":[],"product_brand":[92],"product_cat":[74,75],"product_tag":[],"class_list":{"0":"post-3346","1":"product","2":"type-product","3":"status-publish","4":"has-post-thumbnail","6":"product_brand-route-lubricants","7":"product_cat-route-lubricants","8":"product_cat-binek-arac-motor-yaglari","10":"first","11":"instock","12":"shipping-taxable","13":"product-type-simple"},"_links":{"self":[{"href":"https:\/\/strongenerji.com\/en\/wp-json\/wp\/v2\/product\/3346","targetHints":{"allow":["GET"]}}],"collection":[{"href":"https:\/\/strongenerji.com\/en\/wp-json\/wp\/v2\/product"}],"about":[{"href":"https:\/\/strongenerji.com\/en\/wp-json\/wp\/v2\/types\/product"}],"version-history":[{"count":1,"href":"https:\/\/strongenerji.com\/en\/wp-json\/wp\/v2\/product\/3346\/revisions"}],"predecessor-version":[{"id":29895,"href":"https:\/\/strongenerji.com\/en\/wp-json\/wp\/v2\/product\/3346\/revisions\/29895"}],"wp:featuredmedia":[{"embeddable":true,"href":"https:\/\/strongenerji.com\/en\/wp-json\/wp\/v2\/media\/29894"}],"wp:attachment":[{"href":"https:\/\/strongenerji.com\/en\/wp-json\/wp\/v2\/media?parent=3346"}],"wp:term":[{"taxonomy":"product_brand","embeddable":true,"href":"https:\/\/strongenerji.com\/en\/wp-json\/wp\/v2\/product_brand?post=3346"},{"taxonomy":"product_cat","embeddable":true,"href":"https:\/\/strongenerji.com\/en\/wp-json\/wp\/v2\/product_cat?post=3346"},{"taxonomy":"product_tag","embeddable":true,"href":"https:\/\/strongenerji.com\/en\/wp-json\/wp\/v2\/product_tag?post=3346"}],"curies":[{"name":"wp","href":"https:\/\/api.w.org\/{rel}","templated":true}]}}