{"id":3340,"date":"2025-12-22T08:54:30","date_gmt":"2025-12-22T08:54:30","guid":{"rendered":"https:\/\/strongenerji.com\/?post_type=product&#038;p=3340"},"modified":"2025-12-22T11:29:03","modified_gmt":"2025-12-22T11:29:03","slug":"route-15w-40-sl-cf-5l","status":"publish","type":"product","link":"https:\/\/strongenerji.com\/en\/product\/route-15w-40-sl-cf-5l\/","title":{"rendered":"ROUTE 15W-40 SL\/CF 5L"},"content":{"rendered":"<p>ROUTE 15W-40 SL\/CF, y\u00fcksek kaliteli baz ya\u011flar ve geli\u015fmi\u015f katk\u0131 teknolojisi ile form\u00fcle edilmi\u015f y\u00fcksek performansl\u0131 \u00e7ok dereceli motor ya\u011f\u0131d\u0131r. Y\u00fcksek s\u0131cakl\u0131k ve a\u011f\u0131r hizmet ko\u015fullar\u0131nda m\u00fckemmel oksidasyon stabilitesi, a\u015f\u0131nma \u00f6nleyici koruma ve motor temizli\u011fi sa\u011flar. Benzinli ve hafif hizmet dizel motorlar i\u00e7in g\u00fcvenilir ya\u011flama sa\u011flamak \u00fczere geli\u015ftirilmi\u015f olup, sorunsuz performans ve daha az ya\u011f t\u00fcketimi sa\u011flar.<br \/>\nPerformance Level:<br \/>\nAPI SL \/ CF<br \/>\nACEA A3\/B4<br \/>\nMB 229.1 \/ VW 501.01 \/ 505.00 \/ MAN 271 \/ Renault RN0700 standartlar\u0131n\u0131 kar\u015f\u0131lar veya a\u015far<br \/>\nUygulama: Do\u011fal emi\u015fli veya turbo\u015farjl\u0131 benzinli veya dizel motorlarla donat\u0131lm\u0131\u015f binek otomobiller, hafif kamyonlar ve ticari ara\u00e7lar i\u00e7in \u00f6nerilir. Kar\u0131\u015f\u0131k filo operasyonlar\u0131nda m\u00fckemmel ya\u011flama ve koruma sa\u011flar.<br \/>\nKullan\u0131m Ko\u015fullar\u0131: Orta ve a\u011f\u0131r s\u00fcr\u00fc\u015f ko\u015fullar\u0131nda y\u0131l boyunca kullan\u0131m i\u00e7in idealdir. Y\u00fcksek s\u0131cakl\u0131klarda veya uzun ya\u011f de\u011fi\u015fim aral\u0131klar\u0131nda uzun motor \u00f6mr\u00fc, minimum birikinti ve istikrarl\u0131 performans sa\u011flar.<\/p>","protected":false},"excerpt":{"rendered":"<p>ROUTE 15W-40 SL\/CF, y\u00fcksek kaliteli baz ya\u011flar ve geli\u015fmi\u015f katk\u0131 teknolojisi ile form\u00fcle edilmi\u015f y\u00fcksek performansl\u0131 \u00e7ok dereceli motor ya\u011f\u0131d\u0131r. Y\u00fcksek s\u0131cakl\u0131k ve a\u011f\u0131r hizmet ko\u015fullar\u0131nda m\u00fckemmel oksidasyon stabilitesi, a\u015f\u0131nma \u00f6nleyici koruma ve motor temizli\u011fi sa\u011flar. Benzinli ve hafif hizmet dizel motorlar i\u00e7in g\u00fcvenilir ya\u011flama sa\u011flamak \u00fczere geli\u015ftirilmi\u015f olup, sorunsuz performans ve daha az ya\u011f t\u00fcketimi sa\u011flar.<\/p>","protected":false},"featured_media":29890,"template":"","meta":[],"product_brand":[92],"product_cat":[75,74],"product_tag":[],"class_list":{"0":"post-3340","1":"product","2":"type-product","3":"status-publish","4":"has-post-thumbnail","6":"product_brand-route-lubricants","7":"product_cat-binek-arac-motor-yaglari","8":"product_cat-route-lubricants","10":"first","11":"instock","12":"shipping-taxable","13":"product-type-simple"},"_links":{"self":[{"href":"https:\/\/strongenerji.com\/en\/wp-json\/wp\/v2\/product\/3340","targetHints":{"allow":["GET"]}}],"collection":[{"href":"https:\/\/strongenerji.com\/en\/wp-json\/wp\/v2\/product"}],"about":[{"href":"https:\/\/strongenerji.com\/en\/wp-json\/wp\/v2\/types\/product"}],"version-history":[{"count":1,"href":"https:\/\/strongenerji.com\/en\/wp-json\/wp\/v2\/product\/3340\/revisions"}],"predecessor-version":[{"id":29891,"href":"https:\/\/strongenerji.com\/en\/wp-json\/wp\/v2\/product\/3340\/revisions\/29891"}],"wp:featuredmedia":[{"embeddable":true,"href":"https:\/\/strongenerji.com\/en\/wp-json\/wp\/v2\/media\/29890"}],"wp:attachment":[{"href":"https:\/\/strongenerji.com\/en\/wp-json\/wp\/v2\/media?parent=3340"}],"wp:term":[{"taxonomy":"product_brand","embeddable":true,"href":"https:\/\/strongenerji.com\/en\/wp-json\/wp\/v2\/product_brand?post=3340"},{"taxonomy":"product_cat","embeddable":true,"href":"https:\/\/strongenerji.com\/en\/wp-json\/wp\/v2\/product_cat?post=3340"},{"taxonomy":"product_tag","embeddable":true,"href":"https:\/\/strongenerji.com\/en\/wp-json\/wp\/v2\/product_tag?post=3340"}],"curies":[{"name":"wp","href":"https:\/\/api.w.org\/{rel}","templated":true}]}}