{"id":3337,"date":"2025-12-22T08:51:36","date_gmt":"2025-12-22T08:51:36","guid":{"rendered":"https:\/\/strongenerji.com\/?post_type=product&#038;p=3337"},"modified":"2025-12-22T11:29:03","modified_gmt":"2025-12-22T11:29:03","slug":"route-10w-30-sn-cf-5l","status":"publish","type":"product","link":"https:\/\/strongenerji.com\/en\/product\/route-10w-30-sn-cf-5l\/","title":{"rendered":"ROUTE 10W-30 SN\/CF 5L"},"content":{"rendered":"<p>ROUTE 10W-30 SN\/CF Synthitec, benzinli ve hafif hizmet tipi dizel motorlar i\u00e7in geli\u015fmi\u015f API SN\/CF teknolojisi ile form\u00fcle edilmi\u015f y\u00fcksek performansl\u0131, \u00e7ok dereceli bir motor ya\u011f\u0131d\u0131r. Y\u00fcksek s\u0131cakl\u0131k ve zorlu ko\u015fullar alt\u0131nda m\u00fckemmel oksidasyon stabilitesi, motor temizli\u011fi ve \u00fcst\u00fcn a\u015f\u0131nma korumas\u0131 sa\u011flar. Synthitec form\u00fclasyonu, uzun s\u00fcreli ya\u011flama, daha yumu\u015fak performans ve iyile\u015ftirilmi\u015f yak\u0131t ekonomisi sunar.<br \/>\nPerformance Level:<br \/>\nAPI SN \/ CF<br \/>\nACEA A3\/B4<br \/>\nMB 229.3 \/ VW 502.00 \/ 505.00 \/ BMW LL-01 \/ Renault RN0700, RN0710 standartlar\u0131n\u0131 kar\u015f\u0131lar veya a\u015far.<br \/>\nUygulama: Turbo\u015farjl\u0131 ve do\u011fal emi\u015fli binek otomobiller, SUV&#8217;ler ve hafif ticari ara\u00e7lar i\u00e7in tasarlanm\u0131\u015ft\u0131r. \u015eehir i\u00e7i, otoyol ve a\u011f\u0131r y\u00fck s\u00fcr\u00fc\u015f ko\u015fullar\u0131nda m\u00fckemmel performans sa\u011flar.<br \/>\nKullan\u0131m Ko\u015fullar\u0131: Y\u0131l boyunca kullan\u0131ma uygundur. G\u00fc\u00e7l\u00fc film mukavemeti, azalt\u0131lm\u0131\u015f oksidasyon ve \u00e7amur ve birikintilere kar\u015f\u0131 ola\u011fan\u00fcst\u00fc koruma sa\u011flar. A\u015f\u0131r\u0131 s\u0131cakl\u0131klarda bile daha uzun motor \u00f6mr\u00fc ve g\u00fcvenilir \u00e7al\u0131\u015fma sa\u011flar.<\/p>","protected":false},"excerpt":{"rendered":"<p>ROUTE 10W-30 SN\/CF Synthitec, benzinli ve hafif hizmet tipi dizel motorlar i\u00e7in geli\u015fmi\u015f API SN\/CF teknolojisi ile form\u00fcle edilmi\u015f y\u00fcksek performansl\u0131, \u00e7ok dereceli bir motor ya\u011f\u0131d\u0131r. Y\u00fcksek s\u0131cakl\u0131k ve zorlu ko\u015fullar alt\u0131nda m\u00fckemmel oksidasyon stabilitesi, motor temizli\u011fi ve \u00fcst\u00fcn a\u015f\u0131nma korumas\u0131 sa\u011flar. Synthitec form\u00fclasyonu, uzun s\u00fcreli ya\u011flama, daha yumu\u015fak performans ve iyile\u015ftirilmi\u015f yak\u0131t ekonomisi sunar.<\/p>","protected":false},"featured_media":29888,"template":"","meta":[],"product_brand":[92],"product_cat":[74,75],"product_tag":[],"class_list":{"0":"post-3337","1":"product","2":"type-product","3":"status-publish","4":"has-post-thumbnail","6":"product_brand-route-lubricants","7":"product_cat-route-lubricants","8":"product_cat-binek-arac-motor-yaglari","10":"first","11":"instock","12":"shipping-taxable","13":"product-type-simple"},"_links":{"self":[{"href":"https:\/\/strongenerji.com\/en\/wp-json\/wp\/v2\/product\/3337","targetHints":{"allow":["GET"]}}],"collection":[{"href":"https:\/\/strongenerji.com\/en\/wp-json\/wp\/v2\/product"}],"about":[{"href":"https:\/\/strongenerji.com\/en\/wp-json\/wp\/v2\/types\/product"}],"version-history":[{"count":1,"href":"https:\/\/strongenerji.com\/en\/wp-json\/wp\/v2\/product\/3337\/revisions"}],"predecessor-version":[{"id":29889,"href":"https:\/\/strongenerji.com\/en\/wp-json\/wp\/v2\/product\/3337\/revisions\/29889"}],"wp:featuredmedia":[{"embeddable":true,"href":"https:\/\/strongenerji.com\/en\/wp-json\/wp\/v2\/media\/29888"}],"wp:attachment":[{"href":"https:\/\/strongenerji.com\/en\/wp-json\/wp\/v2\/media?parent=3337"}],"wp:term":[{"taxonomy":"product_brand","embeddable":true,"href":"https:\/\/strongenerji.com\/en\/wp-json\/wp\/v2\/product_brand?post=3337"},{"taxonomy":"product_cat","embeddable":true,"href":"https:\/\/strongenerji.com\/en\/wp-json\/wp\/v2\/product_cat?post=3337"},{"taxonomy":"product_tag","embeddable":true,"href":"https:\/\/strongenerji.com\/en\/wp-json\/wp\/v2\/product_tag?post=3337"}],"curies":[{"name":"wp","href":"https:\/\/api.w.org\/{rel}","templated":true}]}}