{"id":3334,"date":"2025-12-22T08:48:36","date_gmt":"2025-12-22T08:48:36","guid":{"rendered":"https:\/\/strongenerji.com\/?post_type=product&#038;p=3334"},"modified":"2025-12-22T11:29:03","modified_gmt":"2025-12-22T11:29:03","slug":"route-10w-40-sn-cf-5l","status":"publish","type":"product","link":"https:\/\/strongenerji.com\/en\/product\/route-10w-40-sn-cf-5l\/","title":{"rendered":"ROUTE 10W-40 SN\/CF 5L"},"content":{"rendered":"<p>ROUTE 10W-40 SN\/CF Synthitec, geli\u015fmi\u015f SYNTHITEC teknolojisi ve birinci s\u0131n\u0131f baz ya\u011flar kullan\u0131larak form\u00fcle edilmi\u015f y\u00fcksek kaliteli, \u00e7ok dereceli bir motor ya\u011f\u0131d\u0131r. A\u015f\u0131nma, \u00e7amur ve oksidasyona kar\u015f\u0131 m\u00fckemmel koruma sa\u011flayarak motorun uzun s\u00fcre temiz kalmas\u0131n\u0131 ve g\u00fcvenilirli\u011fini garanti eder. Benzinli ve hafif hizmet tipi dizel motorlar i\u00e7in tasarlanm\u0131\u015f olup, t\u00fcm s\u00fcr\u00fc\u015f ko\u015fullar\u0131nda stabil viskozite ve y\u00fcksek performans sunar.<br \/>\nPerformance Level:<br \/>\nAPI SN \/ CF<br \/>\nACEA A3\/B4<br \/>\nMB 229.3 \/ VW 502.00 \/ 505.00 \/ BMW LL-01 \/ Renault RN0700, RN0710 standartlar\u0131n\u0131 kar\u015f\u0131lar veya a\u015far.<br \/>\nUygulama: Do\u011fal emi\u015fli veya turbo\u015farjl\u0131 binek otomobiller, SUV&#8217;ler ve hafif ticari ara\u00e7lar i\u00e7in \u00f6nerilir. So\u011fuk \u00e7al\u0131\u015ft\u0131rma ve y\u00fcksek s\u0131cakl\u0131klarda sorunsuz \u00e7al\u0131\u015fma, m\u00fckemmel kesme kararl\u0131l\u0131\u011f\u0131 ve g\u00fcvenilir ya\u011flama sa\u011flar.<br \/>\nKullan\u0131m Ko\u015fullar\u0131: Y\u0131l boyunca kullan\u0131m i\u00e7in idealdir. Y\u00fcksek y\u00fckler veya uzun ya\u011f de\u011fi\u015fim aral\u0131klar\u0131nda bile tutarl\u0131 performans sa\u011flarken, birikintilere ve korozyona kar\u015f\u0131 geli\u015fmi\u015f koruma sa\u011flar. Sessiz, verimli ve uzun \u00f6m\u00fcrl\u00fc motor \u00e7al\u0131\u015fmas\u0131 sa\u011flar.<\/p>","protected":false},"excerpt":{"rendered":"<p>ROUTE 10W-40 SN\/CF Synthitec, geli\u015fmi\u015f SYNTHITEC teknolojisi ve birinci s\u0131n\u0131f baz ya\u011flar kullan\u0131larak form\u00fcle edilmi\u015f y\u00fcksek kaliteli, \u00e7ok dereceli bir motor ya\u011f\u0131d\u0131r. A\u015f\u0131nma, \u00e7amur ve oksidasyona kar\u015f\u0131 m\u00fckemmel koruma sa\u011flayarak motorun uzun s\u00fcre temiz kalmas\u0131n\u0131 ve g\u00fcvenilirli\u011fini garanti eder. Benzinli ve hafif hizmet tipi dizel motorlar i\u00e7in tasarlanm\u0131\u015f olup, t\u00fcm s\u00fcr\u00fc\u015f ko\u015fullar\u0131nda stabil viskozite ve y\u00fcksek performans sunar.<\/p>","protected":false},"featured_media":29886,"template":"","meta":[],"product_brand":[92],"product_cat":[74,75],"product_tag":[],"class_list":{"0":"post-3334","1":"product","2":"type-product","3":"status-publish","4":"has-post-thumbnail","6":"product_brand-route-lubricants","7":"product_cat-route-lubricants","8":"product_cat-binek-arac-motor-yaglari","10":"first","11":"instock","12":"shipping-taxable","13":"product-type-simple"},"_links":{"self":[{"href":"https:\/\/strongenerji.com\/en\/wp-json\/wp\/v2\/product\/3334","targetHints":{"allow":["GET"]}}],"collection":[{"href":"https:\/\/strongenerji.com\/en\/wp-json\/wp\/v2\/product"}],"about":[{"href":"https:\/\/strongenerji.com\/en\/wp-json\/wp\/v2\/types\/product"}],"version-history":[{"count":1,"href":"https:\/\/strongenerji.com\/en\/wp-json\/wp\/v2\/product\/3334\/revisions"}],"predecessor-version":[{"id":29887,"href":"https:\/\/strongenerji.com\/en\/wp-json\/wp\/v2\/product\/3334\/revisions\/29887"}],"wp:featuredmedia":[{"embeddable":true,"href":"https:\/\/strongenerji.com\/en\/wp-json\/wp\/v2\/media\/29886"}],"wp:attachment":[{"href":"https:\/\/strongenerji.com\/en\/wp-json\/wp\/v2\/media?parent=3334"}],"wp:term":[{"taxonomy":"product_brand","embeddable":true,"href":"https:\/\/strongenerji.com\/en\/wp-json\/wp\/v2\/product_brand?post=3334"},{"taxonomy":"product_cat","embeddable":true,"href":"https:\/\/strongenerji.com\/en\/wp-json\/wp\/v2\/product_cat?post=3334"},{"taxonomy":"product_tag","embeddable":true,"href":"https:\/\/strongenerji.com\/en\/wp-json\/wp\/v2\/product_tag?post=3334"}],"curies":[{"name":"wp","href":"https:\/\/api.w.org\/{rel}","templated":true}]}}