{"id":3331,"date":"2025-12-22T08:45:55","date_gmt":"2025-12-22T08:45:55","guid":{"rendered":"https:\/\/strongenerji.com\/?post_type=product&#038;p=3331"},"modified":"2025-12-22T11:29:03","modified_gmt":"2025-12-22T11:29:03","slug":"route-5w-30-sp-5l","status":"publish","type":"product","link":"https:\/\/strongenerji.com\/en\/product\/route-5w-30-sp-5l\/","title":{"rendered":"ROUTE 5W-30 SP 5L"},"content":{"rendered":"<p>ROUTE 5W-30 SP Tam Sentetik motor ya\u011f\u0131, modern benzinli motorlar i\u00e7in \u00fcst\u00fcn performans sa\u011flamak \u00fczere geli\u015fmi\u015f API SP \/ ILSAC GF-6A teknolojisi ile \u00fcretilmi\u015ftir. M\u00fckemmel LSPI korumas\u0131, ola\u011fan\u00fcst\u00fc yak\u0131t ekonomisi ve \u00e7amur ve vernik olu\u015fumunun etkili kontrol\u00fc sa\u011flar. Y\u00fcksek stres ko\u015fullar\u0131nda \u00e7al\u0131\u015fan turbo\u015farjl\u0131, direkt enjeksiyonlu ve start-stop motorlar i\u00e7in \u00f6zel olarak form\u00fcle edilmi\u015ftir.<br \/>\nPerformance Level:<br \/>\nAPI SP, ILSAC GF-6A<br \/>\nACEA A1\/B1, A5\/B5<br \/>\nFord WSS-M2C946-A, Chrysler MS-6395, GM dexos1 Gen2 standartlar\u0131n\u0131 kar\u015f\u0131lar<br \/>\nUygulama: Hibrit ve turbo sistemler dahil olmak \u00fczere modern benzinli motorlar i\u00e7in tasarlanm\u0131\u015ft\u0131r. Sorunsuz so\u011fuk \u00e7al\u0131\u015ft\u0131rma, g\u00fc\u00e7l\u00fc ya\u011flama ve uzun motor \u00f6mr\u00fc sa\u011flar.<br \/>\nKullan\u0131m Ko\u015fullar\u0131: Y\u0131l boyunca kullan\u0131m i\u00e7in \u00f6nerilir. Katalitik konvert\u00f6rlerle uyumludur. Daima \u00fcreticinin ya\u011f de\u011fi\u015ftirme aral\u0131\u011f\u0131 \u00f6nerisini izleyin.<\/p>","protected":false},"excerpt":{"rendered":"<p>ROUTE 5W-30 SP Tam Sentetik motor ya\u011f\u0131, modern benzinli motorlar i\u00e7in \u00fcst\u00fcn performans sa\u011flamak \u00fczere geli\u015fmi\u015f API SP \/ ILSAC GF-6A teknolojisi ile \u00fcretilmi\u015ftir. M\u00fckemmel LSPI korumas\u0131, ola\u011fan\u00fcst\u00fc yak\u0131t ekonomisi ve \u00e7amur ve vernik olu\u015fumunun etkili kontrol\u00fc sa\u011flar. Y\u00fcksek stres ko\u015fullar\u0131nda \u00e7al\u0131\u015fan turbo\u015farjl\u0131, direkt enjeksiyonlu ve start-stop motorlar i\u00e7in \u00f6zel olarak form\u00fcle edilmi\u015ftir.<\/p>","protected":false},"featured_media":29884,"template":"","meta":[],"product_brand":[92],"product_cat":[74,75],"product_tag":[],"class_list":{"0":"post-3331","1":"product","2":"type-product","3":"status-publish","4":"has-post-thumbnail","6":"product_brand-route-lubricants","7":"product_cat-route-lubricants","8":"product_cat-binek-arac-motor-yaglari","10":"first","11":"instock","12":"shipping-taxable","13":"product-type-simple"},"_links":{"self":[{"href":"https:\/\/strongenerji.com\/en\/wp-json\/wp\/v2\/product\/3331","targetHints":{"allow":["GET"]}}],"collection":[{"href":"https:\/\/strongenerji.com\/en\/wp-json\/wp\/v2\/product"}],"about":[{"href":"https:\/\/strongenerji.com\/en\/wp-json\/wp\/v2\/types\/product"}],"version-history":[{"count":1,"href":"https:\/\/strongenerji.com\/en\/wp-json\/wp\/v2\/product\/3331\/revisions"}],"predecessor-version":[{"id":29885,"href":"https:\/\/strongenerji.com\/en\/wp-json\/wp\/v2\/product\/3331\/revisions\/29885"}],"wp:featuredmedia":[{"embeddable":true,"href":"https:\/\/strongenerji.com\/en\/wp-json\/wp\/v2\/media\/29884"}],"wp:attachment":[{"href":"https:\/\/strongenerji.com\/en\/wp-json\/wp\/v2\/media?parent=3331"}],"wp:term":[{"taxonomy":"product_brand","embeddable":true,"href":"https:\/\/strongenerji.com\/en\/wp-json\/wp\/v2\/product_brand?post=3331"},{"taxonomy":"product_cat","embeddable":true,"href":"https:\/\/strongenerji.com\/en\/wp-json\/wp\/v2\/product_cat?post=3331"},{"taxonomy":"product_tag","embeddable":true,"href":"https:\/\/strongenerji.com\/en\/wp-json\/wp\/v2\/product_tag?post=3331"}],"curies":[{"name":"wp","href":"https:\/\/api.w.org\/{rel}","templated":true}]}}