{"id":3328,"date":"2025-12-22T08:43:03","date_gmt":"2025-12-22T08:43:03","guid":{"rendered":"https:\/\/strongenerji.com\/?post_type=product&#038;p=3328"},"modified":"2025-12-22T11:29:03","modified_gmt":"2025-12-22T11:29:03","slug":"route-5w-40-sn-cf-5l","status":"publish","type":"product","link":"https:\/\/strongenerji.com\/en\/product\/route-5w-40-sn-cf-5l\/","title":{"rendered":"ROUTE 5W-40 SN\/CF 5L"},"content":{"rendered":"<p>ROUTE 5W-40 SN\/CF Tam Sentetik, hem benzinli (SN) hem de hafif hizmet tipi dizel (CF) motorlar i\u00e7in geli\u015ftirilmi\u015f \u00e7ok dereceli, y\u00fcksek performansl\u0131 bir motor ya\u011f\u0131d\u0131r. Zorlu \u00e7al\u0131\u015fma ko\u015fullar\u0131nda \u00fcst\u00fcn temizlik ve ya\u011flama sa\u011flarken, a\u015f\u0131nma ve korozyona kar\u015f\u0131 m\u00fckemmel koruma sa\u011flar.<br \/>\nPerformance Level:<br \/>\nAPI SN \/ CF<br \/>\nACEA A3\/B4<br \/>\nMB 229.3 \/ VW 502.00 \/ 505.00 \/ BMW LL-01 \/ Renault RN0700, RN0710 standartlar\u0131n\u0131 kar\u015f\u0131lar.<br \/>\nUygulama: Do\u011fal emi\u015fli veya turbo\u015farjl\u0131 binek otomobiller, SUV&#8217;ler ve hafif ticari ara\u00e7lar i\u00e7in uygundur. G\u00fcvenilir ya\u011flama ve daha az ya\u011f t\u00fcketimi sa\u011flar.<br \/>\nKullan\u0131m Ko\u015fullar\u0131: T\u00fcm iklimlerde kullan\u0131labilir. Hem k\u0131sa mesafeli \u015fehir i\u00e7i s\u00fcr\u00fc\u015fler hem de uzun otoyol yolculuklar\u0131 i\u00e7in \u00f6nerilir.<\/p>","protected":false},"excerpt":{"rendered":"<p>ROUTE 5W-40 SN\/CF Tam Sentetik, hem benzinli (SN) hem de hafif hizmet tipi dizel (CF) motorlar i\u00e7in geli\u015ftirilmi\u015f \u00e7ok dereceli, y\u00fcksek performansl\u0131 bir motor ya\u011f\u0131d\u0131r. Zorlu \u00e7al\u0131\u015fma ko\u015fullar\u0131nda \u00fcst\u00fcn temizlik ve ya\u011flama sa\u011flarken, a\u015f\u0131nma ve korozyona kar\u015f\u0131 m\u00fckemmel koruma sa\u011flar.<\/p>","protected":false},"featured_media":29882,"template":"","meta":[],"product_brand":[92],"product_cat":[74,75],"product_tag":[],"class_list":{"0":"post-3328","1":"product","2":"type-product","3":"status-publish","4":"has-post-thumbnail","6":"product_brand-route-lubricants","7":"product_cat-route-lubricants","8":"product_cat-binek-arac-motor-yaglari","10":"first","11":"instock","12":"shipping-taxable","13":"product-type-simple"},"_links":{"self":[{"href":"https:\/\/strongenerji.com\/en\/wp-json\/wp\/v2\/product\/3328","targetHints":{"allow":["GET"]}}],"collection":[{"href":"https:\/\/strongenerji.com\/en\/wp-json\/wp\/v2\/product"}],"about":[{"href":"https:\/\/strongenerji.com\/en\/wp-json\/wp\/v2\/types\/product"}],"version-history":[{"count":1,"href":"https:\/\/strongenerji.com\/en\/wp-json\/wp\/v2\/product\/3328\/revisions"}],"predecessor-version":[{"id":29883,"href":"https:\/\/strongenerji.com\/en\/wp-json\/wp\/v2\/product\/3328\/revisions\/29883"}],"wp:featuredmedia":[{"embeddable":true,"href":"https:\/\/strongenerji.com\/en\/wp-json\/wp\/v2\/media\/29882"}],"wp:attachment":[{"href":"https:\/\/strongenerji.com\/en\/wp-json\/wp\/v2\/media?parent=3328"}],"wp:term":[{"taxonomy":"product_brand","embeddable":true,"href":"https:\/\/strongenerji.com\/en\/wp-json\/wp\/v2\/product_brand?post=3328"},{"taxonomy":"product_cat","embeddable":true,"href":"https:\/\/strongenerji.com\/en\/wp-json\/wp\/v2\/product_cat?post=3328"},{"taxonomy":"product_tag","embeddable":true,"href":"https:\/\/strongenerji.com\/en\/wp-json\/wp\/v2\/product_tag?post=3328"}],"curies":[{"name":"wp","href":"https:\/\/api.w.org\/{rel}","templated":true}]}}