{"id":3325,"date":"2025-12-22T08:39:57","date_gmt":"2025-12-22T08:39:57","guid":{"rendered":"https:\/\/strongenerji.com\/?post_type=product&#038;p=3325"},"modified":"2025-12-22T11:29:03","modified_gmt":"2025-12-22T11:29:03","slug":"route-fe-0w-8-5l","status":"publish","type":"product","link":"https:\/\/strongenerji.com\/en\/product\/route-fe-0w-8-5l\/","title":{"rendered":"ROUTE FE 0W-8 5L"},"content":{"rendered":"<p>ROUTE 0W-8 SP HYBRID Fully Synthetic, geli\u015fmi\u015f hibrit ve yak\u0131t tasarruflu benzinli motorlar i\u00e7in en son API SP \/ ILSAC GF-6B teknolojisi ile tasarlanm\u0131\u015f, ultra d\u00fc\u015f\u00fck viskoziteli, y\u00fcksek verimli bir motor ya\u011f\u0131d\u0131r. Yeni nesil form\u00fclasyonu, motorun i\u00e7 s\u00fcrt\u00fcnmesini en aza indirir, pompalama kay\u0131plar\u0131n\u0131 azalt\u0131r ve ola\u011fan\u00fcst\u00fc yak\u0131t ekonomisi ve a\u015f\u0131nma korumas\u0131 sa\u011flar.<br \/>\nPerformance Level:<br \/>\nAPI SP, ILSAC GF-6B<br \/>\nACEA C5<br \/>\nToyota, Honda, Nissan ve 0W-8&#8217;i belirten di\u011fer OEM&#8217;lerin gereksinimlerini kar\u015f\u0131lar<br \/>\nUygulama: Son derece d\u00fc\u015f\u00fck viskoziteli ya\u011flarla \u00e7al\u0131\u015fmak \u00fczere tasarlanm\u0131\u015f modern hibrit ve k\u00fc\u00e7\u00fck hacimli motorlar i\u00e7in geli\u015ftirilmi\u015ftir. So\u011fuk \u00e7al\u0131\u015ft\u0131rmalarda ultra h\u0131zl\u0131 ya\u011flama ve y\u00fcksek s\u0131cakl\u0131klarda tutarl\u0131 film mukavemeti sa\u011flar.<br \/>\nKullan\u0131m Ko\u015fullar\u0131: Yak\u0131t tasarruflu ara\u00e7larda y\u0131l boyunca kullan\u0131m i\u00e7in \u00f6nerilir. Orijinal olarak 0W-8 ya\u011flar i\u00e7in tasarlanmam\u0131\u015f motorlar i\u00e7in uygun de\u011fildir. CO\u25a0 emisyonlar\u0131n\u0131 azalt\u0131r ve hibrit sistemin tepki h\u0131z\u0131n\u0131 art\u0131r\u0131r.<\/p>","protected":false},"excerpt":{"rendered":"<p>ROUTE 0W-8 SP HYBRID Fully Synthetic, geli\u015fmi\u015f hibrit ve yak\u0131t tasarruflu benzinli motorlar i\u00e7in en son API SP \/ ILSAC GF-6B teknolojisi ile tasarlanm\u0131\u015f, ultra d\u00fc\u015f\u00fck viskoziteli, y\u00fcksek verimli bir motor ya\u011f\u0131d\u0131r. Yeni nesil form\u00fclasyonu, motorun i\u00e7 s\u00fcrt\u00fcnmesini en aza indirir, pompalama kay\u0131plar\u0131n\u0131 azalt\u0131r ve ola\u011fan\u00fcst\u00fc yak\u0131t ekonomisi ve a\u015f\u0131nma korumas\u0131 sa\u011flar.<\/p>","protected":false},"featured_media":29880,"template":"","meta":[],"product_brand":[92],"product_cat":[74,75],"product_tag":[],"class_list":{"0":"post-3325","1":"product","2":"type-product","3":"status-publish","4":"has-post-thumbnail","6":"product_brand-route-lubricants","7":"product_cat-route-lubricants","8":"product_cat-binek-arac-motor-yaglari","10":"first","11":"instock","12":"shipping-taxable","13":"product-type-simple"},"_links":{"self":[{"href":"https:\/\/strongenerji.com\/en\/wp-json\/wp\/v2\/product\/3325","targetHints":{"allow":["GET"]}}],"collection":[{"href":"https:\/\/strongenerji.com\/en\/wp-json\/wp\/v2\/product"}],"about":[{"href":"https:\/\/strongenerji.com\/en\/wp-json\/wp\/v2\/types\/product"}],"version-history":[{"count":1,"href":"https:\/\/strongenerji.com\/en\/wp-json\/wp\/v2\/product\/3325\/revisions"}],"predecessor-version":[{"id":29881,"href":"https:\/\/strongenerji.com\/en\/wp-json\/wp\/v2\/product\/3325\/revisions\/29881"}],"wp:featuredmedia":[{"embeddable":true,"href":"https:\/\/strongenerji.com\/en\/wp-json\/wp\/v2\/media\/29880"}],"wp:attachment":[{"href":"https:\/\/strongenerji.com\/en\/wp-json\/wp\/v2\/media?parent=3325"}],"wp:term":[{"taxonomy":"product_brand","embeddable":true,"href":"https:\/\/strongenerji.com\/en\/wp-json\/wp\/v2\/product_brand?post=3325"},{"taxonomy":"product_cat","embeddable":true,"href":"https:\/\/strongenerji.com\/en\/wp-json\/wp\/v2\/product_cat?post=3325"},{"taxonomy":"product_tag","embeddable":true,"href":"https:\/\/strongenerji.com\/en\/wp-json\/wp\/v2\/product_tag?post=3325"}],"curies":[{"name":"wp","href":"https:\/\/api.w.org\/{rel}","templated":true}]}}