{"id":3322,"date":"2025-12-22T08:37:11","date_gmt":"2025-12-22T08:37:11","guid":{"rendered":"https:\/\/strongenerji.com\/?post_type=product&#038;p=3322"},"modified":"2025-12-22T11:29:03","modified_gmt":"2025-12-22T11:29:03","slug":"route-fe-0w-12-5l","status":"publish","type":"product","link":"https:\/\/strongenerji.com\/en\/product\/route-fe-0w-12-5l\/","title":{"rendered":"ROUTE FE 0W-12 5L"},"content":{"rendered":"<p>ROUTE 0W-12 SP HYBRID Fully Synthetic, hibrit, plug-in hibrit (PHEV) ve geli\u015fmi\u015f benzinli motorlar\u0131n taleplerini kar\u015f\u0131lamak i\u00e7in en son API SP \/ ILSAC GF-7A teknolojisi ile form\u00fcle edilmi\u015f yeni nesil ultra d\u00fc\u015f\u00fck viskoziteli bir ya\u011fd\u0131r. M\u00fckemmel LSPI korumas\u0131, y\u00fcksek oksidasyon kararl\u0131l\u0131\u011f\u0131 ve \u00fcst\u00fcn temizlik sa\u011flarken, s\u00fcrt\u00fcnmeyi azalt\u0131r ve genel yak\u0131t verimlili\u011fini art\u0131r\u0131r.<br \/>\nPerformance Level:<br \/>\nAPI SP, ILSAC GF-7A<br \/>\nACEA C6<br \/>\nToyota, Honda, Hyundai ve Nissan hibrit motorlar\u0131n\u0131n gereksinimlerini kar\u015f\u0131lar<br \/>\nUygulama: Optimize edilmi\u015f verimlilik ve performans i\u00e7in ultra d\u00fc\u015f\u00fck viskoziteli ya\u011flay\u0131c\u0131lar gerektiren yeni nesil hibrit ve turbo\u015farjl\u0131 motorlar i\u00e7in idealdir. Start-stop sistemlerinde h\u0131zl\u0131 ya\u011f sirk\u00fclasyonu ve geli\u015fmi\u015f koruma sa\u011flar.<br \/>\nKullan\u0131m Ko\u015fullar\u0131: Y\u0131l boyunca \u00e7al\u0131\u015fmaya uygundur. Geli\u015ftirilmi\u015f yak\u0131t ekonomisi, d\u00fc\u015f\u00fck u\u00e7uculuk ve uzun vadeli oksidasyon kararl\u0131l\u0131\u011f\u0131 sa\u011flar. Hibrit ara\u00e7larda maksimum verimlilik ve azalt\u0131lm\u0131\u015f emisyonlara ula\u015f\u0131lmas\u0131na yard\u0131mc\u0131 olur.<\/p>","protected":false},"excerpt":{"rendered":"<p>ROUTE 0W-12 SP HYBRID Fully Synthetic, hibrit, plug-in hibrit (PHEV) ve geli\u015fmi\u015f benzinli motorlar\u0131n taleplerini kar\u015f\u0131lamak i\u00e7in en son API SP \/ ILSAC GF-7A teknolojisi ile form\u00fcle edilmi\u015f yeni nesil ultra d\u00fc\u015f\u00fck viskoziteli bir ya\u011fd\u0131r. M\u00fckemmel LSPI korumas\u0131, y\u00fcksek oksidasyon kararl\u0131l\u0131\u011f\u0131 ve \u00fcst\u00fcn temizlik sa\u011flarken, s\u00fcrt\u00fcnmeyi azalt\u0131r ve genel yak\u0131t verimlili\u011fini art\u0131r\u0131r.<\/p>","protected":false},"featured_media":29878,"template":"","meta":[],"product_brand":[92],"product_cat":[74,75],"product_tag":[],"class_list":{"0":"post-3322","1":"product","2":"type-product","3":"status-publish","4":"has-post-thumbnail","6":"product_brand-route-lubricants","7":"product_cat-route-lubricants","8":"product_cat-binek-arac-motor-yaglari","10":"first","11":"instock","12":"shipping-taxable","13":"product-type-simple"},"_links":{"self":[{"href":"https:\/\/strongenerji.com\/en\/wp-json\/wp\/v2\/product\/3322","targetHints":{"allow":["GET"]}}],"collection":[{"href":"https:\/\/strongenerji.com\/en\/wp-json\/wp\/v2\/product"}],"about":[{"href":"https:\/\/strongenerji.com\/en\/wp-json\/wp\/v2\/types\/product"}],"version-history":[{"count":1,"href":"https:\/\/strongenerji.com\/en\/wp-json\/wp\/v2\/product\/3322\/revisions"}],"predecessor-version":[{"id":29879,"href":"https:\/\/strongenerji.com\/en\/wp-json\/wp\/v2\/product\/3322\/revisions\/29879"}],"wp:featuredmedia":[{"embeddable":true,"href":"https:\/\/strongenerji.com\/en\/wp-json\/wp\/v2\/media\/29878"}],"wp:attachment":[{"href":"https:\/\/strongenerji.com\/en\/wp-json\/wp\/v2\/media?parent=3322"}],"wp:term":[{"taxonomy":"product_brand","embeddable":true,"href":"https:\/\/strongenerji.com\/en\/wp-json\/wp\/v2\/product_brand?post=3322"},{"taxonomy":"product_cat","embeddable":true,"href":"https:\/\/strongenerji.com\/en\/wp-json\/wp\/v2\/product_cat?post=3322"},{"taxonomy":"product_tag","embeddable":true,"href":"https:\/\/strongenerji.com\/en\/wp-json\/wp\/v2\/product_tag?post=3322"}],"curies":[{"name":"wp","href":"https:\/\/api.w.org\/{rel}","templated":true}]}}