{"id":3319,"date":"2025-12-22T08:33:24","date_gmt":"2025-12-22T08:33:24","guid":{"rendered":"https:\/\/strongenerji.com\/?post_type=product&#038;p=3319"},"modified":"2025-12-22T11:29:04","modified_gmt":"2025-12-22T11:29:04","slug":"route-fe-0w-16-5l","status":"publish","type":"product","link":"https:\/\/strongenerji.com\/en\/product\/route-fe-0w-16-5l\/","title":{"rendered":"ROUTE FE 0W-16 5L"},"content":{"rendered":"<p>ROUTE 0W-16 SP HYBRID Fully Synthetic, hibrit ve modern yak\u0131t tasarruflu benzinli motorlar i\u00e7in \u00f6zel olarak form\u00fcle edilmi\u015f, ultra d\u00fc\u015f\u00fck viskoziteli, yeni nesil bir motor ya\u011f\u0131d\u0131r. Geli\u015fmi\u015f API SP \/ ILSAC GF-6B teknolojisi kullan\u0131larak geli\u015ftirilen bu ya\u011f, uzun \u00f6m\u00fcrl\u00fc performans i\u00e7in m\u00fckemmel LSPI korumas\u0131, geli\u015fmi\u015f yak\u0131t ekonomisi ve \u00fcst\u00fcn oksidasyon stabilitesi sa\u011flar. So\u011fuk \u00e7al\u0131\u015ft\u0131rmalarda h\u0131zl\u0131 ya\u011f sirk\u00fclasyonu sa\u011flar, s\u00fcrt\u00fcnme kay\u0131plar\u0131n\u0131 en aza indirir ve a\u015f\u0131r\u0131 termal stres alt\u0131nda bile stabil film mukavemetini korur \u2014 hibrit, plug-in hibrit (PHEV) ve start-stop ara\u00e7lar i\u00e7in idealdir.<br \/>\nPerformance Level:<br \/>\nAPI SP, ILSAC GF-6B<br \/>\nACEA C5<br \/>\nToyota, Honda, Hyundai, Kia, Nissan ve Lexus hibrit motorlar\u0131n\u0131n gereksinimlerini kar\u015f\u0131lar<br \/>\nUygulama: 0W-16 d\u00fc\u015f\u00fck viskoziteli ya\u011f gerektiren modern benzinli hibrit ara\u00e7lar i\u00e7in \u00f6nerilir. Ultra d\u00fc\u015f\u00fck s\u00fcrt\u00fcnme ve y\u00fcksek yak\u0131t verimlili\u011fi i\u00e7in tasarlanm\u0131\u015f k\u00fc\u00e7\u00fck hacimli turbo\u015farjl\u0131 ve do\u011fal emi\u015fli motorlar i\u00e7in m\u00fckemmeldir.<br \/>\nKullan\u0131m Ko\u015fullar\u0131: T\u00fcm iklimlerde y\u0131l boyunca kullan\u0131ma uygundur. So\u011fuk \u00e7al\u0131\u015ft\u0131rmalarda h\u0131zl\u0131 ya\u011flama sa\u011flar, CO\u25a0 emisyonlar\u0131n\u0131 azalt\u0131r ve ola\u011fan\u00fcst\u00fc a\u015f\u0131nma kontrol\u00fc ve termal stabilite sayesinde motor \u00f6mr\u00fcn\u00fc uzat\u0131r.<\/p>","protected":false},"excerpt":{"rendered":"<p>ROUTE 0W-16 SP HYBRID Fully Synthetic, hibrit ve modern yak\u0131t tasarruflu benzinli motorlar i\u00e7in \u00f6zel olarak form\u00fcle edilmi\u015f, ultra d\u00fc\u015f\u00fck viskoziteli, yeni nesil bir motor ya\u011f\u0131d\u0131r. Geli\u015fmi\u015f API SP \/ ILSAC GF-6B teknolojisi kullan\u0131larak geli\u015ftirilen bu ya\u011f, uzun \u00f6m\u00fcrl\u00fc performans i\u00e7in m\u00fckemmel LSPI korumas\u0131, geli\u015fmi\u015f yak\u0131t ekonomisi ve \u00fcst\u00fcn oksidasyon stabilitesi sa\u011flar.<\/p>","protected":false},"featured_media":29876,"template":"","meta":[],"product_brand":[92],"product_cat":[74,75],"product_tag":[],"class_list":{"0":"post-3319","1":"product","2":"type-product","3":"status-publish","4":"has-post-thumbnail","6":"product_brand-route-lubricants","7":"product_cat-route-lubricants","8":"product_cat-binek-arac-motor-yaglari","10":"first","11":"instock","12":"shipping-taxable","13":"product-type-simple"},"_links":{"self":[{"href":"https:\/\/strongenerji.com\/en\/wp-json\/wp\/v2\/product\/3319","targetHints":{"allow":["GET"]}}],"collection":[{"href":"https:\/\/strongenerji.com\/en\/wp-json\/wp\/v2\/product"}],"about":[{"href":"https:\/\/strongenerji.com\/en\/wp-json\/wp\/v2\/types\/product"}],"version-history":[{"count":1,"href":"https:\/\/strongenerji.com\/en\/wp-json\/wp\/v2\/product\/3319\/revisions"}],"predecessor-version":[{"id":29877,"href":"https:\/\/strongenerji.com\/en\/wp-json\/wp\/v2\/product\/3319\/revisions\/29877"}],"wp:featuredmedia":[{"embeddable":true,"href":"https:\/\/strongenerji.com\/en\/wp-json\/wp\/v2\/media\/29876"}],"wp:attachment":[{"href":"https:\/\/strongenerji.com\/en\/wp-json\/wp\/v2\/media?parent=3319"}],"wp:term":[{"taxonomy":"product_brand","embeddable":true,"href":"https:\/\/strongenerji.com\/en\/wp-json\/wp\/v2\/product_brand?post=3319"},{"taxonomy":"product_cat","embeddable":true,"href":"https:\/\/strongenerji.com\/en\/wp-json\/wp\/v2\/product_cat?post=3319"},{"taxonomy":"product_tag","embeddable":true,"href":"https:\/\/strongenerji.com\/en\/wp-json\/wp\/v2\/product_tag?post=3319"}],"curies":[{"name":"wp","href":"https:\/\/api.w.org\/{rel}","templated":true}]}}