{"id":3316,"date":"2025-12-22T08:29:16","date_gmt":"2025-12-22T08:29:16","guid":{"rendered":"https:\/\/strongenerji.com\/?post_type=product&#038;p=3316"},"modified":"2025-12-22T11:29:04","modified_gmt":"2025-12-22T11:29:04","slug":"route-0w-20-5l","status":"publish","type":"product","link":"https:\/\/strongenerji.com\/en\/product\/route-0w-20-5l\/","title":{"rendered":"ROUTE 0W-20 5L"},"content":{"rendered":"<p>ROUTE 0W-20 SP HYBRID Fully Synthetic, hibrit ve yak\u0131t tasarruflu benzinli motorlar i\u00e7in API SP \/ ILSAC GF-6A teknolojisi ile form\u00fcle edilmi\u015f ultra modern, d\u00fc\u015f\u00fck viskoziteli bir motor ya\u011f\u0131d\u0131r. \u00dcst\u00fcn LSPI korumas\u0131, m\u00fckemmel oksidasyon stabilitesi ve daha fazla yak\u0131t tasarrufu i\u00e7in azalt\u0131lm\u0131\u015f s\u00fcrt\u00fcnme sa\u011flar. Hibrit sistemlerde ve so\u011fuk ko\u015fullarda s\u0131k \u00e7al\u0131\u015ft\u0131rma s\u0131ras\u0131nda h\u0131zl\u0131 ya\u011flama sa\u011flamak i\u00e7in tasarlanm\u0131\u015ft\u0131r.<\/p>\n<p>Performance Level:<\/p>\n<p>API SP, ILSAC GF-6A<\/p>\n<p>ACEA C5<\/p>\n<p>Toyota, Honda, Hyundai, Kia, Nissan, Lexus ve Mazda hibrit motorlar\u0131n\u0131n gereksinimlerini kar\u015f\u0131lar veya a\u015far<\/p>\n<p>Uygulama: D\u00fc\u015f\u00fck viskoziteli 0W-20 ya\u011f gerektiren modern hibrit ve start-stop benzinli motorlar i\u00e7in \u00f6nerilir. Sessiz \u00e7al\u0131\u015fma, daha az a\u015f\u0131nma ve geli\u015fmi\u015f termal stabilite sa\u011flar.<\/p>\n<p>Kullan\u0131m Ko\u015fullar\u0131: T\u00fcm iklimlerde y\u0131l boyunca kullan\u0131m i\u00e7in idealdir. Zorlu s\u00fcr\u00fc\u015f ko\u015fullar\u0131nda maksimum yak\u0131t verimlili\u011fi, daha d\u00fc\u015f\u00fck CO\u25a0 emisyonlar\u0131 ve uzun s\u00fcreli motor korumas\u0131 sa\u011flar.<\/p>","protected":false},"excerpt":{"rendered":"<p>ROUTE 0W-20 SP HYBRID Fully Synthetic, hibrit ve yak\u0131t tasarruflu benzinli motorlar i\u00e7in API SP \/ ILSAC GF-6A teknolojisi ile form\u00fcle edilmi\u015f ultra modern, d\u00fc\u015f\u00fck viskoziteli bir motor ya\u011f\u0131d\u0131r. \u00dcst\u00fcn LSPI korumas\u0131, m\u00fckemmel oksidasyon stabilitesi ve daha fazla yak\u0131t tasarrufu i\u00e7in azalt\u0131lm\u0131\u015f s\u00fcrt\u00fcnme sa\u011flar. Hibrit sistemlerde ve so\u011fuk ko\u015fullarda s\u0131k \u00e7al\u0131\u015ft\u0131rma s\u0131ras\u0131nda h\u0131zl\u0131 ya\u011flama sa\u011flamak i\u00e7in tasarlanm\u0131\u015ft\u0131r.<\/p>","protected":false},"featured_media":29874,"template":"","meta":[],"product_brand":[92],"product_cat":[74,75],"product_tag":[],"class_list":{"0":"post-3316","1":"product","2":"type-product","3":"status-publish","4":"has-post-thumbnail","6":"product_brand-route-lubricants","7":"product_cat-route-lubricants","8":"product_cat-binek-arac-motor-yaglari","10":"first","11":"instock","12":"shipping-taxable","13":"product-type-simple"},"_links":{"self":[{"href":"https:\/\/strongenerji.com\/en\/wp-json\/wp\/v2\/product\/3316","targetHints":{"allow":["GET"]}}],"collection":[{"href":"https:\/\/strongenerji.com\/en\/wp-json\/wp\/v2\/product"}],"about":[{"href":"https:\/\/strongenerji.com\/en\/wp-json\/wp\/v2\/types\/product"}],"version-history":[{"count":1,"href":"https:\/\/strongenerji.com\/en\/wp-json\/wp\/v2\/product\/3316\/revisions"}],"predecessor-version":[{"id":29875,"href":"https:\/\/strongenerji.com\/en\/wp-json\/wp\/v2\/product\/3316\/revisions\/29875"}],"wp:featuredmedia":[{"embeddable":true,"href":"https:\/\/strongenerji.com\/en\/wp-json\/wp\/v2\/media\/29874"}],"wp:attachment":[{"href":"https:\/\/strongenerji.com\/en\/wp-json\/wp\/v2\/media?parent=3316"}],"wp:term":[{"taxonomy":"product_brand","embeddable":true,"href":"https:\/\/strongenerji.com\/en\/wp-json\/wp\/v2\/product_brand?post=3316"},{"taxonomy":"product_cat","embeddable":true,"href":"https:\/\/strongenerji.com\/en\/wp-json\/wp\/v2\/product_cat?post=3316"},{"taxonomy":"product_tag","embeddable":true,"href":"https:\/\/strongenerji.com\/en\/wp-json\/wp\/v2\/product_tag?post=3316"}],"curies":[{"name":"wp","href":"https:\/\/api.w.org\/{rel}","templated":true}]}}