{"id":3309,"date":"2025-12-22T08:20:24","date_gmt":"2025-12-22T08:20:24","guid":{"rendered":"https:\/\/strongenerji.com\/?post_type=product&#038;p=3309"},"modified":"2025-12-22T11:29:04","modified_gmt":"2025-12-22T11:29:04","slug":"route-0w-20-c5","status":"publish","type":"product","link":"https:\/\/strongenerji.com\/en\/product\/route-0w-20-c5\/","title":{"rendered":"ROUTE 0W-20 C5 5L"},"content":{"rendered":"<p>ROUTE 0W-20 C5 Tam Sentetik, DPF (Dizel Partik\u00fcl Filtresi) ve TWC (\u00dc\u00e7 Yollu Kataliz\u00f6r) ile donat\u0131lm\u0131\u015f geli\u015fmi\u015f benzinli ve dizel motorlar i\u00e7in tasarlanm\u0131\u015f d\u00fc\u015f\u00fck SAPS (S\u00fclfatl\u0131 K\u00fcl, Fosfor, K\u00fck\u00fcrt) motor ya\u011f\u0131d\u0131r. Geli\u015fmi\u015f form\u00fclasyonu, y\u00fcksek yak\u0131t ekonomisini korurken ola\u011fan\u00fcst\u00fc a\u015f\u0131nma korumas\u0131, d\u00fc\u015f\u00fck u\u00e7uculuk ve ola\u011fan\u00fcst\u00fc temizlik sa\u011flar.<br \/>\nPerformance Level:<br \/>\nAPI SN Plus \/ ACEA C5<br \/>\nMB Onay\u0131 229.71 \/ Jaguar-Land Rover STJLR.03.5006<br \/>\nVolvo VCC RBS0-2AE, Opel OV0401547 ve Ford WSS-M2C947-B1 performans gereksinimlerini kar\u015f\u0131lar<br \/>\nUygulama: D\u00fc\u015f\u00fck SAPS ve d\u00fc\u015f\u00fck viskoziteli ya\u011flar\u0131n belirtildi\u011fi modern Euro 6 benzinli ve dizel motorlar i\u00e7in geli\u015ftirilmi\u015ftir. Uzun motor \u00f6mr\u00fc ve iyile\u015ftirilmi\u015f egzoz son i\u015flem korumas\u0131 sa\u011flar.<br \/>\nKullan\u0131m Ko\u015fullar\u0131: Uzun ya\u011f de\u011fi\u015fim aral\u0131klar\u0131 ve y\u0131l boyunca kullan\u0131m i\u00e7in \u00f6nerilir. Y\u00fcksek s\u0131cakl\u0131klarda bile ola\u011fan\u00fcst\u00fc yak\u0131t ekonomisi, oksidasyon direnci ve kararl\u0131 viskozite sunar.<\/p>\n<p>&nbsp;<\/p>","protected":false},"excerpt":{"rendered":"<p>ROUTE 0W-20 C5 Tam Sentetik, DPF (Dizel Partik\u00fcl Filtresi) ve TWC (\u00dc\u00e7 Yollu Kataliz\u00f6r) ile donat\u0131lm\u0131\u015f geli\u015fmi\u015f benzinli ve dizel motorlar i\u00e7in tasarlanm\u0131\u015f d\u00fc\u015f\u00fck SAPS (S\u00fclfatl\u0131 K\u00fcl, Fosfor, K\u00fck\u00fcrt) motor ya\u011f\u0131d\u0131r. Geli\u015fmi\u015f form\u00fclasyonu, y\u00fcksek yak\u0131t ekonomisini korurken ola\u011fan\u00fcst\u00fc a\u015f\u0131nma korumas\u0131, d\u00fc\u015f\u00fck u\u00e7uculuk ve ola\u011fan\u00fcst\u00fc temizlik sa\u011flar.<\/p>","protected":false},"featured_media":29872,"template":"","meta":[],"product_brand":[92],"product_cat":[74,75],"product_tag":[],"class_list":{"0":"post-3309","1":"product","2":"type-product","3":"status-publish","4":"has-post-thumbnail","6":"product_brand-route-lubricants","7":"product_cat-route-lubricants","8":"product_cat-binek-arac-motor-yaglari","10":"first","11":"instock","12":"shipping-taxable","13":"product-type-simple"},"_links":{"self":[{"href":"https:\/\/strongenerji.com\/en\/wp-json\/wp\/v2\/product\/3309","targetHints":{"allow":["GET"]}}],"collection":[{"href":"https:\/\/strongenerji.com\/en\/wp-json\/wp\/v2\/product"}],"about":[{"href":"https:\/\/strongenerji.com\/en\/wp-json\/wp\/v2\/types\/product"}],"version-history":[{"count":1,"href":"https:\/\/strongenerji.com\/en\/wp-json\/wp\/v2\/product\/3309\/revisions"}],"predecessor-version":[{"id":29873,"href":"https:\/\/strongenerji.com\/en\/wp-json\/wp\/v2\/product\/3309\/revisions\/29873"}],"wp:featuredmedia":[{"embeddable":true,"href":"https:\/\/strongenerji.com\/en\/wp-json\/wp\/v2\/media\/29872"}],"wp:attachment":[{"href":"https:\/\/strongenerji.com\/en\/wp-json\/wp\/v2\/media?parent=3309"}],"wp:term":[{"taxonomy":"product_brand","embeddable":true,"href":"https:\/\/strongenerji.com\/en\/wp-json\/wp\/v2\/product_brand?post=3309"},{"taxonomy":"product_cat","embeddable":true,"href":"https:\/\/strongenerji.com\/en\/wp-json\/wp\/v2\/product_cat?post=3309"},{"taxonomy":"product_tag","embeddable":true,"href":"https:\/\/strongenerji.com\/en\/wp-json\/wp\/v2\/product_tag?post=3309"}],"curies":[{"name":"wp","href":"https:\/\/api.w.org\/{rel}","templated":true}]}}