{"id":3529,"date":"2021-09-10T13:35:04","date_gmt":"2021-09-10T13:35:04","guid":{"rendered":"http:\/\/dummy.xtemos.com\/woodmart2\/elementor\/?page_id=3529"},"modified":"2026-01-05T09:56:30","modified_gmt":"2026-01-05T09:56:30","slug":"anasayfa","status":"publish","type":"page","link":"https:\/\/strongenerji.com\/en\/","title":{"rendered":"Homepage"},"content":{"rendered":"<div data-elementor-type=\"wp-page\" data-elementor-id=\"3529\" class=\"elementor elementor-3529\">\n\t\t\t\t<div class=\"elementor-element elementor-element-7526885 e-con-full wd-section-stretch e-flex e-con e-parent\" data-id=\"7526885\" data-element_type=\"container\" data-e-type=\"container\" data-settings=\"{&quot;background_background&quot;:&quot;slideshow&quot;,&quot;background_slideshow_gallery&quot;:[{&quot;id&quot;:30069,&quot;url&quot;:&quot;https:\\\/\\\/strongenerji.com\\\/wp-content\\\/uploads\\\/2026\\\/01\\\/ROUTE-11-scaled.jpg&quot;},{&quot;id&quot;:30075,&quot;url&quot;:&quot;https:\\\/\\\/strongenerji.com\\\/wp-content\\\/uploads\\\/2026\\\/01\\\/84014778e22dbd9640571c46027f8bc8_1766656587-scaled.jpeg&quot;},{&quot;id&quot;:30077,&quot;url&quot;:&quot;https:\\\/\\\/strongenerji.com\\\/wp-content\\\/uploads\\\/2026\\\/01\\\/f65322a386c6f3b56f1811f5f56a52c4_1766657243-scaled.jpeg&quot;},{&quot;id&quot;:30078,&quot;url&quot;:&quot;https:\\\/\\\/strongenerji.com\\\/wp-content\\\/uploads\\\/2026\\\/01\\\/route-1-scaled.jpg&quot;}],&quot;background_slideshow_loop&quot;:&quot;yes&quot;,&quot;background_slideshow_slide_duration&quot;:5000,&quot;background_slideshow_slide_transition&quot;:&quot;fade&quot;,&quot;background_slideshow_transition_duration&quot;:500}\">\n\t\t<div class=\"elementor-element elementor-element-e323f21 color-scheme-light e-flex e-con-boxed e-con e-child\" data-id=\"e323f21\" data-element_type=\"container\" data-e-type=\"container\">\n\t\t\t\t\t<div class=\"e-con-inner\">\n\t\t\t\t<div class=\"elementor-element elementor-element-8cceb5e wd-animation-slide-from-bottom wd-animation-fast wd_delay_250 wd-width-100 wd-animation wd-transform elementor-widget elementor-widget-wd_title\" data-id=\"8cceb5e\" data-element_type=\"widget\" data-e-type=\"widget\" data-widget_type=\"wd_title.default\">\n\t\t\t\t<div class=\"elementor-widget-container\">\n\t\t\t\t\t\t\t<div class=\"title-wrapper wd-set-mb reset-last-child wd-title-color-default wd-title-style-default wd-title-size-default text-left\">\n\n\t\t\t\t\t\t\t\t\t\t\t<div class=\"title-subtitle subtitle-color-default subtitle-style-default wd-fontsize-xs\">\n\t\t\t\t\tQuality, trust and technology together.\t\t\t\t<\/div>\n\t\t\t\n\t\t\t<div class=\"liner-continer\">\n\t\t\t\t<h4 class=\"woodmart-title-container title wd-fontsize-l\">Strong Infrastructure, <br \/>\nSafe Performance<\/h4> \n\t\t\t\t\t\t\t<\/div>\n\n\t\t\t\t\t<\/div>\n\t\t\t\t\t\t<\/div>\n\t\t\t\t<\/div>\n\t\t\t\t<div class=\"elementor-element elementor-element-b81ad9a wd-animation-slide-from-bottom wd-animation-fast wd_delay_350 elementor-hidden-mobile wd-animation wd-transform elementor-widget elementor-widget-wd_text_block\" data-id=\"b81ad9a\" data-element_type=\"widget\" data-e-type=\"widget\" data-widget_type=\"wd_text_block.default\">\n\t\t\t\t<div class=\"elementor-widget-container\">\n\t\t\t\t\t\t\t<div class=\"wd-text-block reset-last-child text-left color-title\">\n\t\t\t\n\t\t\t<p data-start=\"378\" data-end=\"503\">With our modern production facilities and advanced technology processes, we offer maximum efficiency in every drop.<span style=\"font-size: 18px;\"><\/span><\/p>\n\t\t\t\t\t<\/div>\n\t\t\t\t\t\t<\/div>\n\t\t\t\t<\/div>\n\t\t<div class=\"wd-negative-gap elementor-element elementor-element-ffb0779 e-flex e-con-boxed e-con e-child\" data-id=\"ffb0779\" data-element_type=\"container\" data-e-type=\"container\">\n\t\t\t\t\t<div class=\"e-con-inner\">\n\t\t\t\t<div class=\"elementor-element elementor-element-ad439fd elementor-widget__width-auto elementor-widget elementor-widget-wd_button\" data-id=\"ad439fd\" data-element_type=\"widget\" data-e-type=\"widget\" data-widget_type=\"wd_button.default\">\n\t\t\t\t<div class=\"elementor-widget-container\">\n\t\t\t\t\t\t\t<div class=\"wd-button-wrapper text-center\" >\n\t\t\t<a class=\"btn btn-style-default btn-shape-semi-round btn-size-default btn-color-primary btn-icon-pos-right\"  href=\"https:\/\/strongenerji.com\/en\/facility\/\">\n\t\t\t\t<span class=\"wd-btn-text\" data-elementor-setting-key=\"text\">\n\t\t\t\t\tDiscover Our Facility\t\t\t\t<\/span>\n\n\t\t\t\t\t\t\t<\/a>\n\t\t<\/div>\n\t\t\t\t\t\t<\/div>\n\t\t\t\t<\/div>\n\t\t\t\t\t<\/div>\n\t\t\t\t<\/div>\n\t\t\t\t\t<\/div>\n\t\t\t\t<\/div>\n\t\t\t\t<\/div>\n\t\t<div class=\"wd-negative-gap elementor-element elementor-element-2b8daee wd-section-stretch-content e-flex e-con-boxed e-con e-parent\" data-id=\"2b8daee\" data-element_type=\"container\" data-e-type=\"container\">\n\t\t\t\t\t<div class=\"e-con-inner\">\n\t\t\t\t<div class=\"elementor-element elementor-element-d55f7ae wd-width-100 elementor-widget elementor-widget-wd_title\" data-id=\"d55f7ae\" data-element_type=\"widget\" data-e-type=\"widget\" data-widget_type=\"wd_title.default\">\n\t\t\t\t<div class=\"elementor-widget-container\">\n\t\t\t\t\t\t\t<div class=\"title-wrapper wd-set-mb reset-last-child wd-title-color-default wd-title-style-default wd-title-size-default text-center\">\n\n\t\t\t\n\t\t\t<div class=\"liner-continer\">\n\t\t\t\t<h4 class=\"woodmart-title-container title wd-fontsize-l\">Strong Brands, Reliable Solutions<\/h4> \n\t\t\t\t\t\t\t<\/div>\n\n\t\t\t\t\t\t\t<div class=\"title-after_title reset-last-child wd-fontsize-xs\">\n\t\t\t\t\t<p>STRONG ENERGY incorporates three strong brands with its experience and engineering power in the lubricant industry: <strong>Route Lubricants<\/strong>, <strong>Quax Lubricants<\/strong> and <strong>Zeeon Lubricants<\/strong>. Each of them adds value to the automotive and industrial world with high-performance products developed specifically for different needs.<\/p>\t\t\t\t<\/div>\n\t\t\t\t\t<\/div>\n\t\t\t\t\t\t<\/div>\n\t\t\t\t<\/div>\n\t\t<div class=\"elementor-element elementor-element-9ef3e1b e-grid e-con-boxed e-con e-child\" data-id=\"9ef3e1b\" data-element_type=\"container\" data-e-type=\"container\">\n\t\t\t\t\t<div class=\"e-con-inner\">\n\t\t<div class=\"elementor-element elementor-element-aee7fb5 e-con-full e-flex e-con e-child\" data-id=\"aee7fb5\" data-element_type=\"container\" data-e-type=\"container\" data-settings=\"{&quot;background_background&quot;:&quot;classic&quot;}\">\n\t\t\t\t<div class=\"elementor-element elementor-element-d68fc86 elementor-widget elementor-widget-image\" data-id=\"d68fc86\" data-element_type=\"widget\" data-e-type=\"widget\" data-widget_type=\"image.default\">\n\t\t\t\t\t\t\t\t\t\t\t\t\t\t\t\t<a href=\"https:\/\/strongenerji.com\/en\/product-category\/route-lubricants\/\">\n\t\t\t\t\t\t\t<img loading=\"lazy\" decoding=\"async\" width=\"942\" height=\"265\" src=\"https:\/\/strongenerji.com\/wp-content\/uploads\/2025\/10\/Screenshot_5-removebg-preview.png\" class=\"attachment-large size-large wp-image-29016\" alt=\"\" srcset=\"https:\/\/strongenerji.com\/wp-content\/uploads\/2025\/10\/Screenshot_5-removebg-preview.png 942w, https:\/\/strongenerji.com\/wp-content\/uploads\/2025\/10\/Screenshot_5-removebg-preview-430x121.png 430w, https:\/\/strongenerji.com\/wp-content\/uploads\/2025\/10\/Screenshot_5-removebg-preview-150x42.png 150w, https:\/\/strongenerji.com\/wp-content\/uploads\/2025\/10\/Screenshot_5-removebg-preview-700x197.png 700w, https:\/\/strongenerji.com\/wp-content\/uploads\/2025\/10\/Screenshot_5-removebg-preview-400x113.png 400w, https:\/\/strongenerji.com\/wp-content\/uploads\/2025\/10\/Screenshot_5-removebg-preview-768x216.png 768w\" sizes=\"auto, (max-width: 942px) 100vw, 942px\" \/>\t\t\t\t\t\t\t\t<\/a>\n\t\t\t\t\t\t\t\t\t\t\t\t\t\t\t<\/div>\n\t\t\t\t<\/div>\n\t\t<div class=\"elementor-element elementor-element-f910a65 e-con-full e-flex e-con e-child\" data-id=\"f910a65\" data-element_type=\"container\" data-e-type=\"container\" data-settings=\"{&quot;background_background&quot;:&quot;classic&quot;}\">\n\t\t\t\t<div class=\"elementor-element elementor-element-b44c346 elementor-widget elementor-widget-image\" data-id=\"b44c346\" data-element_type=\"widget\" data-e-type=\"widget\" data-widget_type=\"image.default\">\n\t\t\t\t\t\t\t\t\t\t\t\t\t\t\t\t<a href=\"https:\/\/strongenerji.com\/en\/product-category\/quax-lubricants\/\">\n\t\t\t\t\t\t\t<img loading=\"lazy\" decoding=\"async\" width=\"1055\" height=\"336\" src=\"https:\/\/strongenerji.com\/wp-content\/uploads\/2025\/10\/Quax-Logo.png\" class=\"attachment-large size-large wp-image-29034\" alt=\"\" srcset=\"https:\/\/strongenerji.com\/wp-content\/uploads\/2025\/10\/Quax-Logo.png 1055w, https:\/\/strongenerji.com\/wp-content\/uploads\/2025\/10\/Quax-Logo-430x137.png 430w, https:\/\/strongenerji.com\/wp-content\/uploads\/2025\/10\/Quax-Logo-150x48.png 150w, https:\/\/strongenerji.com\/wp-content\/uploads\/2025\/10\/Quax-Logo-700x223.png 700w, https:\/\/strongenerji.com\/wp-content\/uploads\/2025\/10\/Quax-Logo-400x127.png 400w, https:\/\/strongenerji.com\/wp-content\/uploads\/2025\/10\/Quax-Logo-768x245.png 768w\" sizes=\"auto, (max-width: 1055px) 100vw, 1055px\" \/>\t\t\t\t\t\t\t\t<\/a>\n\t\t\t\t\t\t\t\t\t\t\t\t\t\t\t<\/div>\n\t\t\t\t<\/div>\n\t\t<div class=\"elementor-element elementor-element-62ad1c4 e-con-full e-flex e-con e-child\" data-id=\"62ad1c4\" data-element_type=\"container\" data-e-type=\"container\" data-settings=\"{&quot;background_background&quot;:&quot;classic&quot;}\">\n\t\t\t\t<div class=\"elementor-element elementor-element-af61925 elementor-widget elementor-widget-image\" data-id=\"af61925\" data-element_type=\"widget\" data-e-type=\"widget\" data-widget_type=\"image.default\">\n\t\t\t\t\t\t\t\t\t\t\t\t\t\t\t\t<a href=\"https:\/\/strongenerji.com\/en\/product-category\/zeeon-lubricants\/\">\n\t\t\t\t\t\t\t<img loading=\"lazy\" decoding=\"async\" width=\"770\" height=\"248\" src=\"https:\/\/strongenerji.com\/wp-content\/uploads\/2025\/10\/Zeeon1Logo.png\" class=\"attachment-large size-large wp-image-29033\" alt=\"\" srcset=\"https:\/\/strongenerji.com\/wp-content\/uploads\/2025\/10\/Zeeon1Logo.png 770w, https:\/\/strongenerji.com\/wp-content\/uploads\/2025\/10\/Zeeon1Logo-430x138.png 430w, https:\/\/strongenerji.com\/wp-content\/uploads\/2025\/10\/Zeeon1Logo-150x48.png 150w, https:\/\/strongenerji.com\/wp-content\/uploads\/2025\/10\/Zeeon1Logo-700x225.png 700w, https:\/\/strongenerji.com\/wp-content\/uploads\/2025\/10\/Zeeon1Logo-400x129.png 400w, https:\/\/strongenerji.com\/wp-content\/uploads\/2025\/10\/Zeeon1Logo-768x247.png 768w\" sizes=\"auto, (max-width: 770px) 100vw, 770px\" \/>\t\t\t\t\t\t\t\t<\/a>\n\t\t\t\t\t\t\t\t\t\t\t\t\t\t\t<\/div>\n\t\t\t\t<\/div>\n\t\t\t\t\t<\/div>\n\t\t\t\t<\/div>\n\t\t\t\t\t<\/div>\n\t\t\t\t<\/div>\n\t\t<div class=\"wd-negative-gap elementor-element elementor-element-befc82c wd-section-stretch-content e-flex e-con-boxed e-con e-parent\" data-id=\"befc82c\" data-element_type=\"container\" data-e-type=\"container\" data-settings=\"{&quot;background_background&quot;:&quot;classic&quot;}\">\n\t\t\t\t\t<div class=\"e-con-inner\">\n\t\t<div class=\"elementor-element elementor-element-c38468d e-con-full e-flex e-con e-child\" data-id=\"c38468d\" data-element_type=\"container\" data-e-type=\"container\">\n\t\t\t\t<div class=\"elementor-element elementor-element-ca31ae2 wd-width-100 elementor-widget elementor-widget-wd_title\" data-id=\"ca31ae2\" data-element_type=\"widget\" data-e-type=\"widget\" data-widget_type=\"wd_title.default\">\n\t\t\t\t<div class=\"elementor-widget-container\">\n\t\t\t\t\t\t\t<div class=\"title-wrapper wd-set-mb reset-last-child wd-title-color-white wd-title-style-default wd-title-size-default text-left\">\n\n\t\t\t\t\t\t\t\t\t\t\t<div class=\"title-subtitle subtitle-color-white subtitle-style-default wd-fontsize-xs\">\n\t\t\t\t\tA brand that draws its strength from engineering and its trust from quality\t\t\t\t<\/div>\n\t\t\t\n\t\t\t<div class=\"liner-continer\">\n\t\t\t\t<h4 class=\"woodmart-title-container title wd-fontsize-l\">ABOUT US<\/h4> \n\t\t\t\t\t\t\t<\/div>\n\n\t\t\t\t\t\t\t<div class=\"title-after_title reset-last-child wd-fontsize-xs\">\n\t\t\t\t\t<p>STRONG ENERJ\u0130 SAN. VE T\u0130C. LTD. \u015eT\u0130. is a leading company operating in the production of high performance lubricants for the automotive and industrial sectors according to national and international standards.<br \/>In modern facilities in Adana Hac\u0131 Sabanc\u0131 Organized Industrial Zone, <strong>ROUTE brand<\/strong> and <strong>private label production power<\/strong> around the world with <strong>Exports to more than 50 countries<\/strong> is realizing.<\/p><p>STRONG ENERJ\u0130, acting with the principles of quality, reliability and sustainable growth, makes a difference in the sector with its international certificates, laboratory infrastructure and expert staff.<\/p>\t\t\t\t<\/div>\n\t\t\t\t\t<\/div>\n\t\t\t\t\t\t<\/div>\n\t\t\t\t<\/div>\n\t\t<div class=\"wd-negative-gap elementor-element elementor-element-a6fb7fc e-flex e-con-boxed e-con e-child\" data-id=\"a6fb7fc\" data-element_type=\"container\" data-e-type=\"container\">\n\t\t\t\t\t<div class=\"e-con-inner\">\n\t\t\t\t<div class=\"elementor-element elementor-element-1b18439 elementor-widget__width-auto elementor-widget elementor-widget-wd_button\" data-id=\"1b18439\" data-element_type=\"widget\" data-e-type=\"widget\" data-widget_type=\"wd_button.default\">\n\t\t\t\t<div class=\"elementor-widget-container\">\n\t\t\t\t\t\t\t<div class=\"wd-button-wrapper text-center\" >\n\t\t\t<a class=\"btn btn-style-default btn-shape-semi-round btn-size-default btn-color-primary btn-icon-pos-right\"  href=\"https:\/\/strongenerji.com\/en\/about-us\/\">\n\t\t\t\t<span class=\"wd-btn-text\" data-elementor-setting-key=\"text\">\n\t\t\t\t\tDiscover Our Story\t\t\t\t<\/span>\n\n\t\t\t\t\t\t\t<\/a>\n\t\t<\/div>\n\t\t\t\t\t\t<\/div>\n\t\t\t\t<\/div>\n\t\t\t\t\t<\/div>\n\t\t\t\t<\/div>\n\t\t\t\t<\/div>\n\t\t<div class=\"elementor-element elementor-element-974fa28 e-con-full e-flex e-con e-child\" data-id=\"974fa28\" data-element_type=\"container\" data-e-type=\"container\">\n\t\t\t\t<div class=\"elementor-element elementor-element-baa125f elementor-widget elementor-widget-wd_image_or_svg\" data-id=\"baa125f\" data-element_type=\"widget\" data-e-type=\"widget\" data-widget_type=\"wd_image_or_svg.default\">\n\t\t\t\t<div class=\"elementor-widget-container\">\n\t\t\t\t\t\n\t\t<div class=\"wd-image text-left\">\n\t\t\t\t\t\t\t\t<img loading=\"lazy\" decoding=\"async\" width=\"2560\" height=\"718\" src=\"https:\/\/strongenerji.com\/wp-content\/uploads\/2025\/10\/logoyatay-scaled.png\" class=\"attachment-full size-full\" alt=\"\" srcset=\"https:\/\/strongenerji.com\/wp-content\/uploads\/2025\/10\/logoyatay-scaled.png 2560w, https:\/\/strongenerji.com\/wp-content\/uploads\/2025\/10\/logoyatay-scaled-430x121.png 430w, https:\/\/strongenerji.com\/wp-content\/uploads\/2025\/10\/logoyatay-scaled-150x42.png 150w, https:\/\/strongenerji.com\/wp-content\/uploads\/2025\/10\/logoyatay-scaled-700x196.png 700w, https:\/\/strongenerji.com\/wp-content\/uploads\/2025\/10\/logoyatay-400x112.png 400w, https:\/\/strongenerji.com\/wp-content\/uploads\/2025\/10\/logoyatay-1300x364.png 1300w, https:\/\/strongenerji.com\/wp-content\/uploads\/2025\/10\/logoyatay-768x215.png 768w, https:\/\/strongenerji.com\/wp-content\/uploads\/2025\/10\/logoyatay-1536x431.png 1536w, https:\/\/strongenerji.com\/wp-content\/uploads\/2025\/10\/logoyatay-2048x574.png 2048w\" sizes=\"auto, (max-width: 2560px) 100vw, 2560px\" \/>\t\t\t\t\t<\/div>\n\n\t\t\t\t\t\t<\/div>\n\t\t\t\t<\/div>\n\t\t\t\t<\/div>\n\t\t\t\t\t<\/div>\n\t\t\t\t<\/div>\n\t\t<div class=\"wd-negative-gap elementor-element elementor-element-73315fc wd-section-stretch e-flex e-con-boxed e-con e-parent\" data-id=\"73315fc\" data-element_type=\"container\" data-e-type=\"container\" data-settings=\"{&quot;background_background&quot;:&quot;classic&quot;}\">\n\t\t\t\t\t<div class=\"e-con-inner\">\n\t\t\t\t<div class=\"elementor-element elementor-element-1a17277 wd-width-100 elementor-widget elementor-widget-wd_title\" data-id=\"1a17277\" data-element_type=\"widget\" data-e-type=\"widget\" data-widget_type=\"wd_title.default\">\n\t\t\t\t<div class=\"elementor-widget-container\">\n\t\t\t\t\t\t\t<div class=\"title-wrapper wd-set-mb reset-last-child wd-title-color-default wd-title-style-default wd-title-size-default text-center\">\n\n\t\t\t\n\t\t\t<div class=\"liner-continer\">\n\t\t\t\t<h4 class=\"woodmart-title-container title wd-fontsize-l\">GLOBAL OPERATION NETWORK<\/h4> \n\t\t\t\t\t\t\t<\/div>\n\n\t\t\t\t\t\t\t<div class=\"title-after_title reset-last-child wd-fontsize-xs\">\n\t\t\t\t\t<p>Strong Energy has a strong international presence in the lubricant industry with its growing market network and high production capacity worldwide. Our company, which manages all processes from production to logistics, from sales to technical support according to global standards, exports to more than 50 countries. By developing products and solutions specific to the needs of each region, we aim to spread the understanding of sustainable quality worldwide. Thanks to the strong relationships we have established with our global business partners, we reinforce our position as a reliable solution partner in the fields of energy and industry.\u00a0<\/p>\t\t\t\t<\/div>\n\t\t\t\t\t<\/div>\n\t\t\t\t\t\t<\/div>\n\t\t\t\t<\/div>\n\t\t\t\t<div class=\"elementor-element elementor-element-bb1fac2 elementor-widget__width-auto elementor-widget elementor-widget-wd_button\" data-id=\"bb1fac2\" data-element_type=\"widget\" data-e-type=\"widget\" data-widget_type=\"wd_button.default\">\n\t\t\t\t<div class=\"elementor-widget-container\">\n\t\t\t\t\t\t\t<div class=\"wd-button-wrapper text-center\" >\n\t\t\t<a class=\"btn btn-style-default btn-shape-semi-round btn-size-default btn-color-primary btn-icon-pos-right\"  href=\"https:\/\/strongenerji.com\/en\/countries\/\">\n\t\t\t\t<span class=\"wd-btn-text\" data-elementor-setting-key=\"text\">\n\t\t\t\t\tDiscover our Global Network\t\t\t\t<\/span>\n\n\t\t\t\t\t\t\t<\/a>\n\t\t<\/div>\n\t\t\t\t\t\t<\/div>\n\t\t\t\t<\/div>\n\t\t\t\t\t<\/div>\n\t\t\t\t<\/div>\n\t\t<div class=\"elementor-element elementor-element-603a305 wd-section-stretch e-con-full e-flex e-con e-parent\" data-id=\"603a305\" data-element_type=\"container\" data-e-type=\"container\" data-settings=\"{&quot;background_background&quot;:&quot;classic&quot;}\">\n\t\t\t\t<div class=\"elementor-element elementor-element-374dd3f wd-width-100 elementor-widget elementor-widget-wd_title\" data-id=\"374dd3f\" data-element_type=\"widget\" data-e-type=\"widget\" data-widget_type=\"wd_title.default\">\n\t\t\t\t<div class=\"elementor-widget-container\">\n\t\t\t\t\t\t\t<div class=\"title-wrapper wd-set-mb reset-last-child wd-title-color-default wd-title-style-default wd-title-size-large text-center\">\n\n\t\t\t\n\t\t\t<div class=\"liner-continer\">\n\t\t\t\t<h4 class=\"woodmart-title-container title wd-fontsize-xxl\">We always strive for performance, quality and sustainability - we are ready to grow with you.<\/h4> \n\t\t\t\t\t\t\t<\/div>\n\n\t\t\t\t\t<\/div>\n\t\t\t\t\t\t<\/div>\n\t\t\t\t<\/div>\n\t\t\t\t<div class=\"elementor-element elementor-element-cb77f39 elementor-widget__width-auto elementor-widget elementor-widget-wd_button\" data-id=\"cb77f39\" data-element_type=\"widget\" data-e-type=\"widget\" data-widget_type=\"wd_button.default\">\n\t\t\t\t<div class=\"elementor-widget-container\">\n\t\t\t\t\t\t\t<div class=\"wd-button-wrapper text-center\" >\n\t\t\t<a class=\"btn btn-style-default btn-shape-semi-round btn-size-default btn-color-primary btn-icon-pos-right\"  href=\"https:\/\/strongenerji.com\/en\/contact\/\">\n\t\t\t\t<span class=\"wd-btn-text\" data-elementor-setting-key=\"text\">\n\t\t\t\t\tContact us\t\t\t\t<\/span>\n\n\t\t\t\t\t\t\t<\/a>\n\t\t<\/div>\n\t\t\t\t\t\t<\/div>\n\t\t\t\t<\/div>\n\t\t\t\t<\/div>\n\t\t\t\t<\/div>","protected":false},"excerpt":{"rendered":"<p>Kalite, g\u00fcven ve teknoloji bir arada. G\u00fc\u00e7l\u00fc Altyap\u0131, G\u00fcvenli Performans Modern \u00fcretim tesislerimiz ve ileri teknoloji s\u00fcre\u00e7lerimizle her damlada maksimum<\/p>","protected":false},"author":1,"featured_media":0,"parent":0,"menu_order":0,"comment_status":"closed","ping_status":"closed","template":"","meta":{"footnotes":""},"class_list":["post-3529","page","type-page","status-publish","hentry"],"_links":{"self":[{"href":"https:\/\/strongenerji.com\/en\/wp-json\/wp\/v2\/pages\/3529","targetHints":{"allow":["GET"]}}],"collection":[{"href":"https:\/\/strongenerji.com\/en\/wp-json\/wp\/v2\/pages"}],"about":[{"href":"https:\/\/strongenerji.com\/en\/wp-json\/wp\/v2\/types\/page"}],"author":[{"embeddable":true,"href":"https:\/\/strongenerji.com\/en\/wp-json\/wp\/v2\/users\/1"}],"replies":[{"embeddable":true,"href":"https:\/\/strongenerji.com\/en\/wp-json\/wp\/v2\/comments?post=3529"}],"version-history":[{"count":205,"href":"https:\/\/strongenerji.com\/en\/wp-json\/wp\/v2\/pages\/3529\/revisions"}],"predecessor-version":[{"id":30082,"href":"https:\/\/strongenerji.com\/en\/wp-json\/wp\/v2\/pages\/3529\/revisions\/30082"}],"wp:attachment":[{"href":"https:\/\/strongenerji.com\/en\/wp-json\/wp\/v2\/media?parent=3529"}],"curies":[{"name":"wp","href":"https:\/\/api.w.org\/{rel}","templated":true}]}}