{"id":3,"date":"2025-10-10T10:15:43","date_gmt":"2025-10-10T10:15:43","guid":{"rendered":"https:\/\/strongenerji.com\/?page_id=3"},"modified":"2025-10-22T12:37:58","modified_gmt":"2025-10-22T12:37:58","slug":"gizlilik-politikasi","status":"publish","type":"page","link":"https:\/\/strongenerji.com\/en\/gizlilik-politikasi\/","title":{"rendered":"Privacy Policy"},"content":{"rendered":"<p><br>Bu sayfada, \u0130nternet Sitesi Gizlilik Politikas\u0131 ile; Veri Sahiplerinin ki\u015fisel verilerinin i\u015flenmesi, \u00c7erez Politikas\u0131 ve \u0130nternet Sitesi Gizlilik Politikas\u0131n\u0131n y\u00fcr\u00fcrl\u00fc\u011f\u00fc hakk\u0131nda a\u00e7\u0131klamalar yap\u0131lmaktad\u0131r.<\/p>\n\n\n\n<p><strong>VER\u0130 SAH\u0130PLER\u0130N\u0130N K\u0130\u015e\u0130SEL VER\u0130LER\u0130N\u0130N \u0130\u015eLENMES\u0130<\/strong><\/p>\n\n\n\n<p>\u0130nternet sitemizi ziyaret etmeniz s\u0131ras\u0131nda elde edilen ki\u015fisel veriler, veri sorumlusu olarak STRONG ENERJ\u0130 taraf\u0131ndan 6698 say\u0131l\u0131 Ki\u015fisel Verilerin Korunmas\u0131 Kanunu (\u201cKanun\u201d) uyar\u0131nca a\u015fa\u011f\u0131da a\u00e7\u0131klanan kapsamda i\u015flenebilecektir.<\/p>\n\n\n\n<p><strong>K\u0130\u015e\u0130SEL VER\u0130LER\u0130N\u0130Z\u0130N \u0130\u015eLENME AMACI<\/strong><\/p>\n\n\n\n<p>\u0130nternet Sitemizi ziyaret etmeniz dolay\u0131s\u0131yla elde edilen ki\u015fisel verileriniz a\u015fa\u011f\u0131da s\u0131ralanan ama\u00e7larla STRONG ENERJ\u0130 taraf\u0131ndan Kanun\u2019un 5. ve 6. maddelerine uygun olarak i\u015flenebilecektir:<\/p>\n\n\n\n<ul class=\"wp-block-list\">\n<li>STRONG ENERJ\u0130 taraf\u0131ndan y\u00fcr\u00fct\u00fclen faaliyetlerin ger\u00e7ekle\u015ftirilmesi i\u00e7in gerekli \u00e7al\u0131\u015fmalar\u0131n yap\u0131lmas\u0131 ve buna ba\u011fl\u0131 i\u015f s\u00fcre\u00e7lerinin y\u00fcr\u00fct\u00fclmesi,<\/li>\n<\/ul>\n\n\n\n<p><strong>K\u0130\u015e\u0130SEL VER\u0130LER\u0130N\u0130Z\u0130N AKTARILDI\u011eI TARAFLAR VE AKTARIM AMACI<\/strong><\/p>\n\n\n\n<p>\u0130nternet sitemizi ziyaret etmeniz dolay\u0131s\u0131yla elde edilen ki\u015fisel verileriniz, ki\u015fisel verilerinizin i\u015flenme ama\u00e7lar\u0131 do\u011frultusunda, kanunen yetkili kamu kurum ve kurulu\u015flar\u0131 ile hukuken yetkili \u00f6zel hukuk t\u00fczel ki\u015filerine KVK Kanunu\u2019nun 8. ve 9. maddelerinde belirtilen ki\u015fisel veri i\u015fleme \u015fartlar\u0131 ve ama\u00e7lar\u0131 dahilinde aktar\u0131labilecektir.<\/p>\n\n\n\n<p><strong>K\u0130\u015e\u0130SEL VER\u0130LER\u0130N\u0130Z\u0130N TOPLANMA Y\u00d6NTEM\u0130 VE HUKUK\u0130 SEBEB\u0130<\/strong><\/p>\n\n\n\n<p>Kimli\u011finizi belirli ya da belirlenebilir k\u0131lan her t\u00fcrl\u00fc bilgi \u201cki\u015fisel veri\u201ddir. \u0130nternet sitemizi ziyaretiniz kapsam\u0131nda ki\u015fisel verileriniz Kanun\u2019da yer alan veri i\u015fleme \u015fartlar\u0131na uygun olarak \u0130nternet Sitemizi ziyaret etmeniz dolay\u0131s\u0131yla teknik ileti\u015fim dosyalar\u0131 olan \u00e7erezler (cookies)&nbsp;vas\u0131tas\u0131yla toplanmaktad\u0131r.<\/p>\n\n\n\n<p><strong>VER\u0130 SAH\u0130PLER\u0130N\u0130N HAKLARI<\/strong><\/p>\n\n\n\n<p>Ki\u015fisel veri sahibi olarak Kanun\u2019un 11. maddesi uyar\u0131nca a\u015fa\u011f\u0131daki haklara sahip oldu\u011funuzu bildiririz:<\/p>\n\n\n\n<p>Ki\u015fisel verilerinizin i\u015flenip i\u015flenmedi\u011fini \u00f6\u011frenme,<\/p>\n\n\n\n<p>Ki\u015fisel verileriniz i\u015flenmi\u015fse buna ili\u015fkin bilgi talep etme,<\/p>\n\n\n\n<p>Ki\u015fisel verilerinizin i\u015flenme amac\u0131n\u0131 ve bunlar\u0131n amac\u0131na uygun kullan\u0131l\u0131p kullan\u0131lmad\u0131\u011f\u0131n\u0131 \u00f6\u011frenme,<\/p>\n\n\n\n<p>Yurt i\u00e7inde veya yurt d\u0131\u015f\u0131nda ki\u015fisel verilerinizin aktar\u0131ld\u0131\u011f\u0131 \u00fc\u00e7\u00fcnc\u00fc ki\u015fileri bilme,<\/p>\n\n\n\n<p>Ki\u015fisel verilerinizin eksik veya yanl\u0131\u015f i\u015flenmi\u015f olmas\u0131 h\u00e2linde bunlar\u0131n d\u00fczeltilmesini isteme ve bu kapsamda yap\u0131lan i\u015flemin ki\u015fisel verilerinizin aktar\u0131ld\u0131\u011f\u0131 \u00fc\u00e7\u00fcnc\u00fc ki\u015filere bildirilmesini isteme,<\/p>\n\n\n\n<p>Kanun\u2019a ve ilgili di\u011fer kanun h\u00fck\u00fcmlerine uygun olarak i\u015flenmi\u015f olmas\u0131na ra\u011fmen, i\u015flenmesini gerektiren sebeplerin ortadan kalkmas\u0131 h\u00e2linde ki\u015fisel verilerin silinmesini veya yok edilmesini isteme ve bu kapsamda yap\u0131lan i\u015flemin ki\u015fisel verilerinizin aktar\u0131ld\u0131\u011f\u0131 \u00fc\u00e7\u00fcnc\u00fc ki\u015filere bildirilmesini isteme,<\/p>\n\n\n\n<p>\u0130\u015flenen verilerin m\u00fcnhas\u0131ran otomatik sistemler vas\u0131tas\u0131yla analiz edilmesi suretiyle aleyhinize bir sonucun ortaya \u00e7\u0131kmas\u0131 durumunda buna itiraz etme,<\/p>\n\n\n\n<p>Ki\u015fisel verilerinizin kanuna ayk\u0131r\u0131 olarak i\u015flenmesi sebebiyle zarara u\u011framan\u0131z h\u00e2linde zarar\u0131n giderilmesini talep etme.<\/p>\n\n\n\n<p>Yukar\u0131da s\u0131ralanan haklar\u0131n\u0131za y\u00f6nelik ba\u015fvurular\u0131n\u0131z\u0131, www.strongenerji.com adresinden STRONG ENERJ\u0130 \u2019ye iletebilirsiniz.&nbsp; Talebinizin niteli\u011fine g\u00f6re en k\u0131sa s\u00fcrede ve en ge\u00e7 otuz g\u00fcn i\u00e7inde ba\u015fvurular\u0131n\u0131z \u00fccretsiz olarak sonu\u00e7land\u0131r\u0131lacakt\u0131r; ancak i\u015flemin ayr\u0131ca bir maliyet gerektirmesi halinde Ki\u015fisel Verileri Koruma Kurulu taraf\u0131ndan belirlenecek tarifeye g\u00f6re taraf\u0131n\u0131zdan \u00fccret talep edilebilecektir.<\/p>","protected":false},"excerpt":{"rendered":"<p>Bu sayfada, \u0130nternet Sitesi Gizlilik Politikas\u0131 ile; Veri Sahiplerinin ki\u015fisel verilerinin i\u015flenmesi, \u00c7erez Politikas\u0131 ve \u0130nternet Sitesi Gizlilik Politikas\u0131n\u0131n y\u00fcr\u00fcrl\u00fc\u011f\u00fc<\/p>","protected":false},"author":1,"featured_media":0,"parent":0,"menu_order":0,"comment_status":"closed","ping_status":"closed","template":"","meta":{"footnotes":""},"class_list":["post-3","page","type-page","status-publish","hentry"],"_links":{"self":[{"href":"https:\/\/strongenerji.com\/en\/wp-json\/wp\/v2\/pages\/3","targetHints":{"allow":["GET"]}}],"collection":[{"href":"https:\/\/strongenerji.com\/en\/wp-json\/wp\/v2\/pages"}],"about":[{"href":"https:\/\/strongenerji.com\/en\/wp-json\/wp\/v2\/types\/page"}],"author":[{"embeddable":true,"href":"https:\/\/strongenerji.com\/en\/wp-json\/wp\/v2\/users\/1"}],"replies":[{"embeddable":true,"href":"https:\/\/strongenerji.com\/en\/wp-json\/wp\/v2\/comments?post=3"}],"version-history":[{"count":3,"href":"https:\/\/strongenerji.com\/en\/wp-json\/wp\/v2\/pages\/3\/revisions"}],"predecessor-version":[{"id":29683,"href":"https:\/\/strongenerji.com\/en\/wp-json\/wp\/v2\/pages\/3\/revisions\/29683"}],"wp:attachment":[{"href":"https:\/\/strongenerji.com\/en\/wp-json\/wp\/v2\/media?parent=3"}],"curies":[{"name":"wp","href":"https:\/\/api.w.org\/{rel}","templated":true}]}}