{"id":29125,"date":"2025-10-15T15:10:41","date_gmt":"2025-10-15T15:10:41","guid":{"rendered":"https:\/\/strongenerji.com\/?page_id=29125"},"modified":"2025-12-26T07:33:38","modified_gmt":"2025-12-26T07:33:38","slug":"about-us","status":"publish","type":"page","link":"https:\/\/strongenerji.com\/en\/about-us\/","title":{"rendered":"About Us"},"content":{"rendered":"<div data-elementor-type=\"wp-page\" data-elementor-id=\"29125\" class=\"elementor elementor-29125\">\n\t\t\t\t<div class=\"elementor-element elementor-element-8de25ef e-grid e-con-boxed e-con e-parent\" data-id=\"8de25ef\" data-element_type=\"container\" data-e-type=\"container\">\n\t\t\t\t\t<div class=\"e-con-inner\">\n\t\t<div class=\"wd-sticky-container-lg elementor-element elementor-element-6ed5e15 e-con-full e-flex e-con e-child\" data-id=\"6ed5e15\" data-element_type=\"container\" data-e-type=\"container\">\n\t\t\t\t<div class=\"elementor-element elementor-element-c11a83c wd-width-100 elementor-widget elementor-widget-wd_video\" data-id=\"c11a83c\" data-element_type=\"widget\" data-e-type=\"widget\" data-widget_type=\"wd_video.default\">\n\t\t\t\t<div class=\"elementor-widget-container\">\n\t\t\t\t\t\n\t\t<div class=\"wd-el-video wd-action-without wd-video-hosted\">\n\t\t\t\t\t\t\t<video src=\"https:\/\/strongenerji.com\/wp-content\/uploads\/2025\/12\/WhatsApp-Video-2025-12-25-at-12.36.57.mp4\" playsinline controls preload=\"metadata\"><\/video>\t\t\t\n\t\t\t\n\t\t\t\n\t\t\t\t\t<\/div>\n\t\t\t\t\t\t<\/div>\n\t\t\t\t<\/div>\n\t\t\t\t<\/div>\n\t\t<div class=\"elementor-element elementor-element-e970969 e-con-full e-flex e-con e-child\" data-id=\"e970969\" data-element_type=\"container\" data-e-type=\"container\">\n\t\t\t\t<div class=\"elementor-element elementor-element-74aca5b elementor-widget elementor-widget-wd_text_block\" data-id=\"74aca5b\" data-element_type=\"widget\" data-e-type=\"widget\" data-widget_type=\"wd_text_block.default\">\n\t\t\t\t<div class=\"elementor-widget-container\">\n\t\t\t\t\t\t\t<div class=\"wd-text-block reset-last-child text-left\">\n\t\t\t\n\t\t\t<p class=\"mb-3 fs-15 text-gray\">STRONG ENERJ\u0130 SAN.VE T\u0130C.LTD.\u015eT\u0130. continues to produce lubricants for the automotive and industrial sector in accordance with national and international standards in the lubricant sector.<\/p><p class=\"mb-3 fs-15 text-gray\">STRONG ENERGY makes private label production in addition to its own brands ROUTE LUBRICANTS and serves many international companies in this field.<\/p><p class=\"mb-3 fs-15 text-gray\">STRONG ENERJ\u0130 serves the lubricant industry with its modern management approach, qualified staff and expert technical staff in its modern production facilities with 9.000 m2 closed area established on a 20.000 m2 land in ADANA HACI SABANCI OSB with full-fledged modern laboratory facilities.<\/p><p class=\"mb-3 fs-15 text-gray\">STRONG ENERGY strives to gain a rightful place in the international arena by exporting to 50 countries around the world and increasing the number of export countries day by day. It plans to operate in the domestic market with its dealership network and direct sales points.<\/p><p class=\"mb-3 fs-15 text-gray\">STRONG ENERGY prioritizes customer satisfaction and quality product reliability.<\/p><p class=\"mb-3 fs-15 text-gray\">STRONG ENERGY, with its ISO 9001:2015, OHSAS 18001:2007, ISO\/TS 16949:2009 and ISO 14001:2015 quality and environmental management systems, carries out quality controls of the products produced in its quality control laboratory.<\/p><p class=\"mb-3 fs-15 text-gray\">STRONG ENERGY's prioritized goals include; following innovations, updating information, increasing service quality, reliability, honesty and impartiality policies.<\/p>\n\t\t\t\t\t<\/div>\n\t\t\t\t\t\t<\/div>\n\t\t\t\t<\/div>\n\t\t\t\t<\/div>\n\t\t\t\t\t<\/div>\n\t\t\t\t<\/div>\n\t\t<div class=\"elementor-element elementor-element-9a46d58 e-grid e-con-full wd-section-stretch e-con e-parent\" data-id=\"9a46d58\" data-element_type=\"container\" data-e-type=\"container\" data-settings=\"{&quot;background_background&quot;:&quot;classic&quot;}\">\n\t\t\t\t<div class=\"elementor-element elementor-element-61326ef elementor-widget elementor-widget-wd_infobox\" data-id=\"61326ef\" data-element_type=\"widget\" data-e-type=\"widget\" data-widget_type=\"wd_infobox.default\">\n\t\t\t\t<div class=\"elementor-widget-container\">\n\t\t\t\t\t\t\t<div class=\"info-box-wrapper\">\n\t\t\t<div class=\"wd-info-box text-center box-icon-align-top box-style-base color-scheme-\">\n\t\t\t\t\t\t\t\t\t<div class=\"box-icon-wrapper  box-with-icon box-icon-simple\">\n\t\t\t\t\t\t<div class=\"info-box-icon\">\n\t\t\t\t\t\t\t\t\t\t\t\t\t\t\t<img loading=\"lazy\" decoding=\"async\" width=\"70\" height=\"70\" src=\"https:\/\/strongenerji.com\/wp-content\/uploads\/2025\/10\/2-70x70.png\" class=\"attachment-70x70 size-70x70\" alt=\"\" srcset=\"https:\/\/strongenerji.com\/wp-content\/uploads\/2025\/10\/2-70x70.png 70w, https:\/\/strongenerji.com\/wp-content\/uploads\/2025\/10\/2-300x300.png 300w, https:\/\/strongenerji.com\/wp-content\/uploads\/2025\/10\/2-150x150.png 150w, https:\/\/strongenerji.com\/wp-content\/uploads\/2025\/10\/2-430x430.png 430w, https:\/\/strongenerji.com\/wp-content\/uploads\/2025\/10\/2-50x50.png 50w, https:\/\/strongenerji.com\/wp-content\/uploads\/2025\/10\/2.png 512w\" sizes=\"auto, (max-width: 70px) 100vw, 70px\" \/>\t\t\t\t\t\t\t\t\t\t\t\t\t<\/div>\n\t\t\t\t\t<\/div>\n\t\t\t\t\n\t\t\t\t<div class=\"info-box-content\">\n\t\t\t\t\t\n\t\t\t\t\t\t\t\t\t\t\t<h4\t\t\t\t\t\tclass=\"info-box-title title box-title-style-default wd-fontsize-m\" data-elementor-setting-key=\"title\">\n\t\t\t\t\t\t\t\tVISION\t\t\t\t\t\t<\/h4>\n\t\t\t\t\t\n\t\t\t\t\t<div class=\"info-box-inner reset-last-child\"data-elementor-setting-key=\"content\"><p>To provide permanent superiority by creating differences, to carry the Route Brand to the highest level in the sector.<\/p>\n<\/div>\n\n\t\t\t\t\t\t\t\t\t<\/div>\n\n\t\t\t\t\t\t\t<\/div>\n\t\t<\/div>\n\t\t\t\t\t\t<\/div>\n\t\t\t\t<\/div>\n\t\t\t\t<div class=\"elementor-element elementor-element-85404ba elementor-widget elementor-widget-wd_infobox\" data-id=\"85404ba\" data-element_type=\"widget\" data-e-type=\"widget\" data-widget_type=\"wd_infobox.default\">\n\t\t\t\t<div class=\"elementor-widget-container\">\n\t\t\t\t\t\t\t<div class=\"info-box-wrapper\">\n\t\t\t<div class=\"wd-info-box text-center box-icon-align-top box-style-base color-scheme-\">\n\t\t\t\t\t\t\t\t\t<div class=\"box-icon-wrapper  box-with-icon box-icon-simple\">\n\t\t\t\t\t\t<div class=\"info-box-icon\">\n\t\t\t\t\t\t\t\t\t\t\t\t\t\t\t<img loading=\"lazy\" decoding=\"async\" width=\"70\" height=\"70\" src=\"https:\/\/strongenerji.com\/wp-content\/uploads\/2025\/10\/1-70x70.png\" class=\"attachment-70x70 size-70x70\" alt=\"\" srcset=\"https:\/\/strongenerji.com\/wp-content\/uploads\/2025\/10\/1-70x70.png 70w, https:\/\/strongenerji.com\/wp-content\/uploads\/2025\/10\/1-300x300.png 300w, https:\/\/strongenerji.com\/wp-content\/uploads\/2025\/10\/1-150x150.png 150w, https:\/\/strongenerji.com\/wp-content\/uploads\/2025\/10\/1-430x430.png 430w, https:\/\/strongenerji.com\/wp-content\/uploads\/2025\/10\/1-50x50.png 50w, https:\/\/strongenerji.com\/wp-content\/uploads\/2025\/10\/1.png 512w\" sizes=\"auto, (max-width: 70px) 100vw, 70px\" \/>\t\t\t\t\t\t\t\t\t\t\t\t\t<\/div>\n\t\t\t\t\t<\/div>\n\t\t\t\t\n\t\t\t\t<div class=\"info-box-content\">\n\t\t\t\t\t\n\t\t\t\t\t\t\t\t\t\t\t<h4\t\t\t\t\t\tclass=\"info-box-title title box-title-style-default wd-fontsize-m\" data-elementor-setting-key=\"title\">\n\t\t\t\t\t\t\t\tMISSION\t\t\t\t\t\t<\/h4>\n\t\t\t\t\t\n\t\t\t\t\t<div class=\"info-box-inner reset-last-child\"data-elementor-setting-key=\"content\"><p>Managing a \u201cstrategic portfolio\u201d with competitive and sustainable growth potential in a way that creates value for its stakeholders<\/p>\n<\/div>\n\n\t\t\t\t\t\t\t\t\t<\/div>\n\n\t\t\t\t\t\t\t<\/div>\n\t\t<\/div>\n\t\t\t\t\t\t<\/div>\n\t\t\t\t<\/div>\n\t\t\t\t<\/div>\n\t\t\t\t<\/div>","protected":false},"excerpt":{"rendered":"<p>STRONG ENERJ\u0130 SAN.VE T\u0130C.LTD.\u015eT\u0130., Madeni ya\u011f sekt\u00f6r\u00fcnde ulusal ve uluslararas\u0131 standartlara uygun olarak otomotiv ve end\u00fcstri sekt\u00f6r\u00fcne madeni ya\u011f \u00fcretimini<\/p>","protected":false},"author":1,"featured_media":0,"parent":0,"menu_order":0,"comment_status":"closed","ping_status":"closed","template":"","meta":{"footnotes":""},"class_list":["post-29125","page","type-page","status-publish","hentry"],"_links":{"self":[{"href":"https:\/\/strongenerji.com\/en\/wp-json\/wp\/v2\/pages\/29125","targetHints":{"allow":["GET"]}}],"collection":[{"href":"https:\/\/strongenerji.com\/en\/wp-json\/wp\/v2\/pages"}],"about":[{"href":"https:\/\/strongenerji.com\/en\/wp-json\/wp\/v2\/types\/page"}],"author":[{"embeddable":true,"href":"https:\/\/strongenerji.com\/en\/wp-json\/wp\/v2\/users\/1"}],"replies":[{"embeddable":true,"href":"https:\/\/strongenerji.com\/en\/wp-json\/wp\/v2\/comments?post=29125"}],"version-history":[{"count":61,"href":"https:\/\/strongenerji.com\/en\/wp-json\/wp\/v2\/pages\/29125\/revisions"}],"predecessor-version":[{"id":30023,"href":"https:\/\/strongenerji.com\/en\/wp-json\/wp\/v2\/pages\/29125\/revisions\/30023"}],"wp:attachment":[{"href":"https:\/\/strongenerji.com\/en\/wp-json\/wp\/v2\/media?parent=29125"}],"curies":[{"name":"wp","href":"https:\/\/api.w.org\/{rel}","templated":true}]}}